{"id":840,"date":"2023-06-13T21:46:52","date_gmt":"2023-06-13T19:46:52","guid":{"rendered":"https:\/\/www.ean-express.com\/produit\/codigo-ean-valido-x1\/"},"modified":"2025-11-19T21:42:24","modified_gmt":"2025-11-19T20:42:24","slug":"codigo-ean-valid-x1","status":"publish","type":"product","link":"https:\/\/www.ean-express.com\/pt-pt\/produit\/codigo-ean-valid-x1\/","title":{"rendered":"Um c\u00f3digo EAN e o seu c\u00f3digo de barras HD, prontos a utilizar para o seu primeiro produto"},"content":{"rendered":"<div class=\"description\">\n<h2>Um identificador EAN profissional para lan\u00e7ar o seu produto em apenas alguns minutos<\/h2>\n<ul>\n<li><strong>Qualidade profissional:<\/strong> receba um EAN \u00fanico e n\u00e3o utilizado gerado a partir da nossa base de dados interna segura.<\/li>\n<li><strong>C\u00f3digos de barras de alta defini\u00e7\u00e3o:<\/strong> cada c\u00f3digo \u00e9 fornecido com dois ficheiros (PNG + SVG), perfeitamente leg\u00edveis para impress\u00e3o, etiquetagem ou cat\u00e1logos de produtos.<\/li>\n<li><strong>Utiliza\u00e7\u00e3o exclusiva:<\/strong> O identificador que lhe foi atribu\u00eddo \u00e9 removido permanentemente da nossa base de dados e deixa de ser redistribu\u00eddo a outros clientes.<\/li>\n<li><strong>Entrega imediata:<\/strong> Assim que o seu pagamento for validado, o seu EAN e o respetivo c\u00f3digo de barras s\u00e3o-lhe enviados automaticamente por correio eletr\u00f3nico, 24 horas por dia, 7 dias por semana.<\/li>\n<li><strong>Apoio ao cliente reativo:<\/strong> Tem uma pergunta? A nossa equipa est\u00e1 dispon\u00edvel para o ajudar a utilizar os seus dados de in\u00edcio de sess\u00e3o. <\/li>\n<li><strong>Sem subscri\u00e7\u00e3o:<\/strong> S\u00f3 paga uma vez. Sem compromisso, sem custos recorrentes. <\/li>\n<\/ul>\n<div style=\"margin-top: 35px; padding: 20px; background: #f7f7f7; border-left: 4px solid #9c9c9c;\">\n<h3 style=\"margin-top: 0;\">Como s\u00e3o gerados os nossos identificadores EAN?<\/h3>\n<p style=\"margin-bottom: 0;\">\n  Cada identificador EAN \u00e9 gerado automaticamente a partir do nosso sistema interno seguro.<br \/>\n Uma vez atribu\u00eddo a um cliente, \u00e9 imediatamente removido da nossa base de dados e n\u00e3o pode ser redistribu\u00eddo.<br \/>\n Os nossos identificadores est\u00e3o em conformidade com o formato internacional <strong>EAN-13<\/strong> e podem ser utilizados na maioria das ferramentas de com\u00e9rcio eletr\u00f3nico<br \/>\n, ERP, cat\u00e1logos de produtos e sistemas de gest\u00e3o interna.\n        <\/p>\n<\/p><\/div>\n<div class=\"summary\" style=\"background:#eef7ea;padding:15px;margin-top:20px;border-left:4px solid #6da75d;\">\n        <strong>Pronto em apenas alguns minutos:<\/strong> receba imediatamente o seu EAN e o seu c\u00f3digo de barras de alta defini\u00e7\u00e3o.<br \/>\n Simples, r\u00e1pido e eficaz para lan\u00e7ar o seu primeiro produto.\n    <\/div>\n<\/div>\n","protected":false},"excerpt":{"rendered":"<p><strong><br \/>\nUm identificador EAN \u00fanico, gerado automaticamente a partir da nossa base de dados segura, entregue com o seu c\u00f3digo de barras de alta defini\u00e7\u00e3o<br \/>\n<\/strong><\/p>\n<p>\nOs nossos identificadores EAN identificam os seus produtos de forma simples e fi\u00e1vel.<br \/>\nCompat\u00edvel com a maioria das plataformas de com\u00e9rcio eletr\u00f3nico, software de gest\u00e3o de produtos, cat\u00e1logos internos e sistemas de invent\u00e1rio.\n<\/p>\n<p>\nCada c\u00f3digo \u00e9 fornecido com um ficheiro de c\u00f3digo de barras de alta defini\u00e7\u00e3o, pronto para impress\u00e3o.<\/p>\n","protected":false},"featured_media":3242,"template":"","meta":[],"product_brand":[],"product_cat":[92],"product_tag":[],"class_list":{"0":"post-840","1":"product","2":"type-product","3":"status-publish","4":"has-post-thumbnail","6":"product_cat-codigos-ean-validos-pt-pt","8":"first","9":"instock","10":"virtual","11":"taxable","12":"purchasable","13":"product-type-simple"},"_links":{"self":[{"href":"https:\/\/www.ean-express.com\/pt-pt\/wp-json\/wp\/v2\/product\/840","targetHints":{"allow":["GET"]}}],"collection":[{"href":"https:\/\/www.ean-express.com\/pt-pt\/wp-json\/wp\/v2\/product"}],"about":[{"href":"https:\/\/www.ean-express.com\/pt-pt\/wp-json\/wp\/v2\/types\/product"}],"wp:featuredmedia":[{"embeddable":true,"href":"https:\/\/www.ean-express.com\/pt-pt\/wp-json\/wp\/v2\/media\/3242"}],"wp:attachment":[{"href":"https:\/\/www.ean-express.com\/pt-pt\/wp-json\/wp\/v2\/media?parent=840"}],"wp:term":[{"taxonomy":"product_brand","embeddable":true,"href":"https:\/\/www.ean-express.com\/pt-pt\/wp-json\/wp\/v2\/product_brand?post=840"},{"taxonomy":"product_cat","embeddable":true,"href":"https:\/\/www.ean-express.com\/pt-pt\/wp-json\/wp\/v2\/product_cat?post=840"},{"taxonomy":"product_tag","embeddable":true,"href":"https:\/\/www.ean-express.com\/pt-pt\/wp-json\/wp\/v2\/product_tag?post=840"}],"curies":[{"name":"wp","href":"https:\/\/api.w.org\/{rel}","templated":true}]}}