{"id":796,"date":"2023-06-26T11:15:27","date_gmt":"2023-06-26T09:15:27","guid":{"rendered":"https:\/\/www.ean-express.com\/produit\/codigo-ean-valido-x500\/"},"modified":"2025-11-19T21:42:17","modified_gmt":"2025-11-19T20:42:17","slug":"codigo-ean-valid-x500","status":"publish","type":"product","link":"https:\/\/www.ean-express.com\/pt-pt\/produit\/codigo-ean-valid-x500\/","title":{"rendered":"500 c\u00f3digos EAN e os seus c\u00f3digos de barras em alta defini\u00e7\u00e3o"},"content":{"rendered":"<div class=\"description\">\n<h2>500 identificadores EAN profissionais para estruturar um cat\u00e1logo de produtos completo<\/h2>\n<ul>\n<li><strong>Qualidade profissional:<\/strong> receba 500 identificadores EAN \u00fanicos e n\u00e3o utilizados, gerados a partir da nossa base de dados interna segura.<\/li>\n<li><strong>C\u00f3digos de barras de alta defini\u00e7\u00e3o:<\/strong> cada identificador \u00e9 fornecido com dois ficheiros de c\u00f3digos de barras (PNG + SVG), ideais para impress\u00e3o, etiquetas, embalagens ou cat\u00e1logos de produtos.<\/li>\n<li><strong>Utiliza\u00e7\u00e3o exclusiva:<\/strong> Uma vez atribu\u00eddos, os seus 500 identificadores s\u00e3o permanentemente removidos da nossa base de dados e garantimos que n\u00e3o ser\u00e3o redistribu\u00eddos.<\/li>\n<li><strong>Ideal para grandes cat\u00e1logos:<\/strong> Este pacote \u00e9 ideal para lojas de com\u00e9rcio eletr\u00f3nico, marcas, fabricantes ou empresas com um grande n\u00famero de refer\u00eancias e variantes.<\/li>\n<li><strong>Baixo custo:<\/strong> Gra\u00e7as \u00e0s compras em grupo, o custo unit\u00e1rio desce para cerca de <strong>0,40 euros por identificador<\/strong>, uma solu\u00e7\u00e3o particularmente econ\u00f3mica para grandes cat\u00e1logos.<\/li>\n<li><strong>Entrega imediata:<\/strong> Assim que o seu pagamento for validado, os seus 500 EANs e respectivos c\u00f3digos de barras s\u00e3o enviados automaticamente por correio eletr\u00f3nico, 24 horas por dia, 7 dias por semana.<\/li>\n<li><strong>Apoio ao cliente responsivo:<\/strong> A nossa equipa est\u00e1 dispon\u00edvel para o orientar ou responder a quaisquer perguntas que possa ter sobre a utiliza\u00e7\u00e3o dos seus dados de in\u00edcio de sess\u00e3o.<\/li>\n<li><strong>Pagamento \u00fanico:<\/strong> paga apenas uma vez. Sem subscri\u00e7\u00e3o, sem custos ocultos, sem obriga\u00e7\u00f5es. <\/li>\n<\/ul>\n<div style=\"margin-top: 35px; padding: 20px; background: #f7f7f7; border-left: 4px solid #9c9c9c;\">\n<h3 style=\"margin-top: 0;\">Como s\u00e3o gerados os nossos identificadores EAN?<\/h3>\n<p style=\"margin-bottom: 0;\">\n  Cada identificador EAN \u00e9 gerado automaticamente no nosso sistema interno seguro.<br \/>\n Uma vez atribu\u00eddo a um cliente, \u00e9 removido permanentemente da nossa base de dados e nunca ser\u00e1 reutilizado.<br \/>\n Todos os nossos identificadores respeitam o formato internacional <strong>EAN-13<\/strong> e s\u00e3o compat\u00edveis com<br \/>\n a maioria das ferramentas de com\u00e9rcio eletr\u00f3nico, ERP, software de gest\u00e3o e sistemas de invent\u00e1rio interno.\n        <\/p>\n<\/p><\/div>\n<div class=\"summary\" style=\"background:#eef7ea;padding:15px;margin-top:20px;border-left:4px solid #6da75d;\">\n        <strong>Pronto em minutos:<\/strong> receba imediatamente os seus 500 identificadores EAN, juntamente com os respectivos c\u00f3digos de barras de alta defini\u00e7\u00e3o.<br \/>\n Perfeito para estruturar um grande invent\u00e1rio sem subscri\u00e7\u00e3o.\n    <\/div>\n<\/div>\n","protected":false},"excerpt":{"rendered":"<p>Pacote econ\u00f3mico de 500 identificadores EAN \u00fanicos com c\u00f3digos de barras HD (PNG + SVG). Pre\u00e7o baixo: cerca de 0,40 euros por identificador gra\u00e7as \u00e0s compras em grupo.<br \/>\n<strong>Entrega autom\u00e1tica 24 horas por dia, 7 dias por semana, sem necessidade de subscri\u00e7\u00e3o.<\/strong><\/p>\n","protected":false},"featured_media":3267,"template":"","meta":[],"product_brand":[],"product_cat":[92],"product_tag":[],"class_list":{"0":"post-796","1":"product","2":"type-product","3":"status-publish","4":"has-post-thumbnail","6":"product_cat-codigos-ean-validos-pt-pt","8":"first","9":"instock","10":"virtual","11":"taxable","12":"purchasable","13":"product-type-simple"},"_links":{"self":[{"href":"https:\/\/www.ean-express.com\/pt-pt\/wp-json\/wp\/v2\/product\/796","targetHints":{"allow":["GET"]}}],"collection":[{"href":"https:\/\/www.ean-express.com\/pt-pt\/wp-json\/wp\/v2\/product"}],"about":[{"href":"https:\/\/www.ean-express.com\/pt-pt\/wp-json\/wp\/v2\/types\/product"}],"wp:featuredmedia":[{"embeddable":true,"href":"https:\/\/www.ean-express.com\/pt-pt\/wp-json\/wp\/v2\/media\/3267"}],"wp:attachment":[{"href":"https:\/\/www.ean-express.com\/pt-pt\/wp-json\/wp\/v2\/media?parent=796"}],"wp:term":[{"taxonomy":"product_brand","embeddable":true,"href":"https:\/\/www.ean-express.com\/pt-pt\/wp-json\/wp\/v2\/product_brand?post=796"},{"taxonomy":"product_cat","embeddable":true,"href":"https:\/\/www.ean-express.com\/pt-pt\/wp-json\/wp\/v2\/product_cat?post=796"},{"taxonomy":"product_tag","embeddable":true,"href":"https:\/\/www.ean-express.com\/pt-pt\/wp-json\/wp\/v2\/product_tag?post=796"}],"curies":[{"name":"wp","href":"https:\/\/api.w.org\/{rel}","templated":true}]}}