{"id":3569,"date":"2023-06-19T17:04:01","date_gmt":"2023-06-19T15:04:01","guid":{"rendered":"https:\/\/www.ean-express.com\/texto\/"},"modified":"2025-11-19T22:01:42","modified_gmt":"2025-11-19T21:01:42","slug":"texto","status":"publish","type":"page","link":"https:\/\/www.ean-express.com\/pt-pt\/texto\/","title":{"rendered":"texto"},"content":{"rendered":"\n  <div id=\"page-header-1356467991\" class=\"page-header-wrapper\">\n  <div class=\"page-title dark featured-title box-shadow-2\">\n\n        <div class=\"page-title-bg\">\n      <div class=\"title-bg fill bg-fill\"\n        data-parallax-container=\".page-title\"\n        data-parallax-background\n        data-parallax=\"-\">\n      <\/div>\n      <div class=\"title-overlay fill\"><\/div>\n    <\/div>\n    \n    <div class=\"page-title-inner container align-center text-center flex-row-col medium-flex-wrap\" >\n              <div class=\"title-wrapper flex-col\">\n          <h1 class=\"entry-title mb-0\">\n            Compreender os c\u00f3digos EAN          <\/h1>\n        <\/div>\n                    <div class=\"title-content flex-col\">\n        <div class=\"title-breadcrumbs pb-half pt-half\"><\/div>      <\/div>\n    <\/div>\n\n     \n<style>\n#page-header-1356467991 .title-bg {\n  background-image: url(https:\/\/www.ean-express.com\/wp-content\/uploads\/2023\/06\/header-ean-page.webp);\n}\n#page-header-1356467991 .title-overlay {\n  background-color: rgba(0, 0, 0, 0.424);\n}\n<\/style>\n  <\/div>\n    <\/div>\n  \n\n\n\t<section class=\"section\" id=\"section_1541745308\">\n\t\t<div class=\"section-bg fill\" >\n\t\t\t\t\t\t\t\t\t<div class=\"section-bg-overlay absolute fill\"><\/div>\n\t\t\t\n\n\t\t<\/div>\n\n\t\t\n\n\t\t<div class=\"section-content relative\">\n\t\t\t\n\n<div class=\"row row-collapse row-full-width\"  id=\"row-1494270080\">\n\n\n\t<div id=\"col-723146048\" class=\"col small-12 large-12\"  >\n\t\t\t\t<div class=\"col-inner text-center\"  >\n\t\t\t\n\t\t\t\n\n\t<div id=\"text-1018435266\" class=\"text\">\n\t\t\n\n<p>Num mundo cada vez mais globalizado, os c\u00f3digos EAN desempenham um papel crucial para garantir a uniformidade e a facilidade de transa\u00e7\u00e3o no com\u00e9rcio internacional. Mas o que \u00e9 exatamente um c\u00f3digo EAN? Este artigo fornece-lhe uma introdu\u00e7\u00e3o completa e aprofundada a este sistema indispens\u00e1vel de identifica\u00e7\u00e3o de produtos.  <\/p>\n\n\t\t\n<style>\n#text-1018435266 {\n  text-align: left;\n}\n<\/style>\n\t<\/div>\n\t\n\n\t\t<\/div>\n\t\t\t\t\n<style>\n#col-723146048 > .col-inner {\n  padding: 50px 0px 50px 0px;\n}\n<\/style>\n\t<\/div>\n\n\t\n\n\t<div id=\"col-1611149594\" class=\"col large-12\"  >\n\t\t\t\t<div class=\"col-inner\"  >\n\t\t\t\n\t\t\t\n\n\t<div class=\"img has-hover x md-x lg-x y md-y lg-y\" id=\"image_940429372\">\n\t\t\t\t\t\t\t\t<div class=\"img-inner dark\" >\n\t\t\t<img loading=\"lazy\" decoding=\"async\" width=\"1020\" height=\"556\" src=\"https:\/\/www.ean-express.com\/wp-content\/uploads\/2023\/06\/GTIN-logistique-code-rapide-1400x763.webp\" class=\"attachment-large size-large\" alt=\"Comprar c\u00f3digos EAN v\u00e1lidos\" srcset=\"https:\/\/www.ean-express.com\/wp-content\/uploads\/2023\/06\/GTIN-logistique-code-rapide-1400x763.webp 1400w, https:\/\/www.ean-express.com\/wp-content\/uploads\/2023\/06\/GTIN-logistique-code-rapide-510x278.webp 510w, https:\/\/www.ean-express.com\/wp-content\/uploads\/2023\/06\/GTIN-logistique-code-rapide-734x400.webp 734w, https:\/\/www.ean-express.com\/wp-content\/uploads\/2023\/06\/GTIN-logistique-code-rapide-768x418.webp 768w, https:\/\/www.ean-express.com\/wp-content\/uploads\/2023\/06\/GTIN-logistique-code-rapide-1536x837.webp 1536w, https:\/\/www.ean-express.com\/wp-content\/uploads\/2023\/06\/GTIN-logistique-code-rapide-2048x1116.webp 2048w\" sizes=\"auto, (max-width: 1020px) 100vw, 1020px\" \/>\t\t\t\t\t\t\n\t\t\t\t\t<\/div>\n\t\t\t\t\t\t\t\t\n<style>\n#image_940429372 {\n  width: 100%;\n}\n<\/style>\n\t<\/div>\n\t\n\n\t<div id=\"gap-1800805016\" class=\"gap-element clearfix\" style=\"display:block; height:auto;\">\n\t\t\n<style>\n#gap-1800805016 {\n  padding-top: 30px;\n}\n<\/style>\n\t<\/div>\n\t\n\n\n\t\t<\/div>\n\t\t\t\t\t<\/div>\n\n\t\n\n<\/div>\n\n\t\t<\/div>\n\n\t\t\n<style>\n#section_1541745308 {\n  padding-top: 0px;\n  padding-bottom: 0px;\n  background-color: rgb(255, 255, 255);\n}\n#section_1541745308 .section-bg-overlay {\n  background-color: rgba(255, 255, 255, 0.85);\n}\n<\/style>\n\t<\/section>\n\t\n\n\t<section class=\"section\" id=\"section_272353714\">\n\t\t<div class=\"section-bg fill\" >\n\t\t\t\t\t\t\t\t\t\n\t\t\t\n\n\t\t<\/div>\n\n\t\t\n\n\t\t<div class=\"section-content relative\">\n\t\t\t\n\n<h2>Hist\u00f3ria dos c\u00f3digos EAN<\/h2>\n<p>O sistema de codifica\u00e7\u00e3o EAN nem sempre esteve connosco. A sua hist\u00f3ria \u00e9 fascinante, ilustrando como uma ideia simples pode transformar o sector retalhista. Pode saber mais na nossa sec\u00e7\u00e3o detalhada sobre a<a href=\"history_ean_url\">hist\u00f3ria dos c\u00f3digos EAN<\/a>.  <\/p>\n<h2>Como s\u00e3o estruturados os c\u00f3digos EAN<\/h2>\n<p>Um c\u00f3digo EAN est\u00e1 estruturado de uma forma espec\u00edfica para conter uma variedade de informa\u00e7\u00f5es sobre o produto que representa. Descubra <a href=\"estrutura_ean_url\">como s\u00e3o estruturados os c\u00f3digos EAN<\/a> no nosso artigo dedicado. <\/p>\n<h2>Porque \u00e9 que os c\u00f3digos EAN s\u00e3o importantes no retalho<\/h2>\n<p>Os c\u00f3digos EAN s\u00e3o mais do que simples n\u00fameros. S\u00e3o essenciais para o com\u00e9rcio moderno, permitindo uma gest\u00e3o eficiente dos stocks, uma distribui\u00e7\u00e3o log\u00edstica e uma identifica\u00e7\u00e3o clara dos produtos. Descubra <a href=\"Import\u00e2ncia_ean_commerce_url\">porque \u00e9 que os c\u00f3digos EAN s\u00e3o importantes no retalho<\/a>.  <\/p>\n<h2>Tipos de c\u00f3digos EAN<\/h2>\n<p>Existem v\u00e1rios tipos de c\u00f3digo EAN, cada um com a sua utiliza\u00e7\u00e3o espec\u00edfica. Para saber mais sobre estes diferentes tipos, consulte a nossa p\u00e1gina sobre <a href=\"tipos_ean_url\">os tipos de c\u00f3digos EAN<\/a>. <\/p>\n<h2>Normas internacionais para c\u00f3digos EAN<\/h2>\n<p>Os c\u00f3digos EAN s\u00e3o regidos por normas internacionais para garantir a sua uniformidade em todo o mundo. Saiba mais sobre <a href=\"international_standards_ean_url\">as normas internacionais para os c\u00f3digos EAN<\/a> no nosso artigo especial. <\/p>\n<h2>Qual \u00e9 a diferen\u00e7a entre um c\u00f3digo UPC e um c\u00f3digo EAN?<\/h2>\n<p>Embora os c\u00f3digos UPC e EAN sejam ambos utilizados para identificar produtos, existem algumas diferen\u00e7as not\u00e1veis entre eles. Descubra <a href=\"upc_vs_ean_url\">qual \u00e9 a diferen\u00e7a entre um c\u00f3digo UPC e um c\u00f3digo EAN<\/a> na nossa p\u00e1gina dedicada. <\/p>\n\n\t\t<\/div>\n\n\t\t\n<style>\n#section_272353714 {\n  padding-top: 30px;\n  padding-bottom: 30px;\n}\n<\/style>\n\t<\/section>\n\t\n<div class=\"message-box relative dark\" style=\"padding-top:15px;padding-bottom:15px;\"><div class=\"message-box-bg-image bg-fill fill\" style=\"background-image:url(https:\/\/www.ean-express.com\/wp-content\/uploads\/2023\/06\/ean-express-generation-code-barre-1-1400x787.webp);\"><\/div><div class=\"message-box-bg-overlay bg-fill fill\" style=\"background-color:rgba(0, 0, 0, 0.616);\"><\/div><div class=\"container relative\"><div class=\"inner last-reset\">\n\n<div class=\"row align-middle align-center\"  id=\"row-827636119\">\n\n\n\t<div id=\"col-473447846\" class=\"col medium-9 small-12 large-9\"  >\n\t\t\t\t<div class=\"col-inner\"  >\n\t\t\t\n\t\t\t\n\n<h3 class=\"uppercase\">Precisa de c\u00f3digos ean v\u00e1lidos?<\/h3>\n<p class=\"thin-font lead\">Obtenha os seus c\u00f3digos EAN em menos de 5 minutos, sem necessidade de subscri\u00e7\u00e3o.<\/p>\n<p class=\"thin-font lead\">\u2714\ufe0fLivraison por correio eletr\u00f3nico em 5 minutos.<br>\u2714\ufe0fService 24 horas por dia, 365 dias por ano<br>\u2714\ufe0f Compat\u00edvel com o Google Merchant Center e a Amazon<br>\u2714\ufe0fUtilisable para todos os seus produtos internamente ou em qualquer mercado<\/p>\n\n\t\t<\/div>\n\t\t\t\t\t<\/div>\n\n\t\n\n\t<div id=\"col-322765665\" class=\"col medium-4 small-12 large-4\"  >\n\t\t\t\t<div class=\"col-inner\"  >\n\t\t\t\n\t\t\t\n\n<a class=\"button success\" >\n\t\t<span>Comprar ean<\/span>\n\t<\/a>\n\n\n\n\t\t<\/div>\n\t\t\t\t\t<\/div>\n\n\t\n\n<\/div>\n\n<\/div><\/div><\/div>\n","protected":false},"excerpt":{"rendered":"","protected":false},"author":1,"featured_media":0,"parent":0,"menu_order":0,"comment_status":"closed","ping_status":"closed","template":"","meta":{"footnotes":""},"class_list":["post-3569","page","type-page","status-publish","hentry"],"_links":{"self":[{"href":"https:\/\/www.ean-express.com\/pt-pt\/wp-json\/wp\/v2\/pages\/3569","targetHints":{"allow":["GET"]}}],"collection":[{"href":"https:\/\/www.ean-express.com\/pt-pt\/wp-json\/wp\/v2\/pages"}],"about":[{"href":"https:\/\/www.ean-express.com\/pt-pt\/wp-json\/wp\/v2\/types\/page"}],"author":[{"embeddable":true,"href":"https:\/\/www.ean-express.com\/pt-pt\/wp-json\/wp\/v2\/users\/1"}],"replies":[{"embeddable":true,"href":"https:\/\/www.ean-express.com\/pt-pt\/wp-json\/wp\/v2\/comments?post=3569"}],"version-history":[{"count":7,"href":"https:\/\/www.ean-express.com\/pt-pt\/wp-json\/wp\/v2\/pages\/3569\/revisions"}],"predecessor-version":[{"id":3741,"href":"https:\/\/www.ean-express.com\/pt-pt\/wp-json\/wp\/v2\/pages\/3569\/revisions\/3741"}],"wp:attachment":[{"href":"https:\/\/www.ean-express.com\/pt-pt\/wp-json\/wp\/v2\/media?parent=3569"}],"curies":[{"name":"wp","href":"https:\/\/api.w.org\/{rel}","templated":true}]}}