{"id":3524,"date":"2023-08-30T22:31:22","date_gmt":"2023-08-30T20:31:22","guid":{"rendered":"https:\/\/www.ean-express.com\/ean-express\/o-que-e-um-codigo-de-barras-ean-historia-estrutura-e-importancia-no-comercio-moderno\/"},"modified":"2025-11-19T16:57:43","modified_gmt":"2025-11-19T15:57:43","slug":"o-que-e-um-codigo-de-barras-ean-historia-estrutura-e-importancia-no-comercio-moderno","status":"publish","type":"page","link":"https:\/\/www.ean-express.com\/pt-pt\/ean-express\/o-que-e-um-codigo-de-barras-ean-historia-estrutura-e-importancia-no-comercio-moderno\/","title":{"rendered":"O que \u00e9 um c\u00f3digo de barras EAN? Hist\u00f3ria, estrutura e import\u00e2ncia no com\u00e9rcio moderno"},"content":{"rendered":"\n\n\t<section class=\"section\" id=\"section_442084083\">\n\t\t<div class=\"section-bg fill\" >\n\t\t\t\t\t\t\t\t\t\n\t\t\t\n\n\t\t<\/div>\n\n\t\t\n\n\t\t<div class=\"section-content relative\">\n\t\t\t\n\n<div class=\"container section-title-container\" ><h1 class=\"section-title section-title-normal\"><b aria-hidden=\"true\"><\/b><span class=\"section-title-main\" style=\"color:rgb(255, 255, 255);\">Tudo o que precisas de saber sobre os c\u00f3digos de barras EAN - Hist\u00f3ria, funcionamento e impacto econ\u00f3mico<\/span><b aria-hidden=\"true\"><\/b><\/h1><\/div>\n\n\t<div id=\"text-2719084833\" class=\"text\">\n\t\t\n\n<p>J\u00e1 alguma vez imaginaste como \u00e9 que os produtos nas lojas s\u00e3o identificados e rastreados com tanta precis\u00e3o? A chave est\u00e1 nos c\u00f3digos de barras EAN. EAN, que significa <strong>European Article Number (N\u00famero Europeu de Artigo<\/strong>), \u00e9 uma norma mundial para a marca\u00e7\u00e3o de produtos. Mas como \u00e9 que surgiu este sistema revolucion\u00e1rio?   <\/p>\n\n\t\t\n<style>\n#text-2719084833 {\n  font-size: 1.25rem;\n  line-height: 1.25;\n  text-align: left;\n  color: rgb(255, 255, 255);\n}\n#text-2719084833 > * {\n  color: rgb(255, 255, 255);\n}\n<\/style>\n\t<\/div>\n\t\n\n\t\t<\/div>\n\n\t\t\n<style>\n#section_442084083 {\n  padding-top: 30px;\n  padding-bottom: 30px;\n  background-color: rgb(68, 96, 132);\n}\n<\/style>\n\t<\/section>\n\t\n\n\t<section class=\"section\" id=\"section_1630825948\">\n\t\t<div class=\"section-bg fill\" >\n\t\t\t\t\t\t\t\t\t<div class=\"section-bg-overlay absolute fill\"><\/div>\n\t\t\t\n\n\t\t<\/div>\n\n\t\t\n\n\t\t<div class=\"section-content relative\">\n\t\t\t\n\n<div class=\"row row-large align-middle\"  id=\"row-1660879000\">\n\n\n\t<div id=\"col-681470506\" class=\"col hide-for-small medium-3 small-12 large-3\"  >\n\t\t\t\t<div class=\"col-inner\"  >\n\t\t\t\n\t\t\t\n\n\t<div class=\"img has-hover x md-x lg-x y md-y lg-y\" id=\"image_1684901346\">\n\t\t\t\t\t\t\t\t<div class=\"img-inner dark\" >\n\t\t\t<img loading=\"lazy\" decoding=\"async\" width=\"400\" height=\"400\" src=\"https:\/\/www.ean-express.com\/wp-content\/uploads\/2023\/08\/ean-chapter1-400x400.webp\" class=\"attachment-medium size-medium\" alt=\"\" srcset=\"https:\/\/www.ean-express.com\/wp-content\/uploads\/2023\/08\/ean-chapter1-400x400.webp 400w, https:\/\/www.ean-express.com\/wp-content\/uploads\/2023\/08\/ean-chapter1-280x280.webp 280w, https:\/\/www.ean-express.com\/wp-content\/uploads\/2023\/08\/ean-chapter1-247x247.webp 247w, https:\/\/www.ean-express.com\/wp-content\/uploads\/2023\/08\/ean-chapter1-100x100.webp 100w, https:\/\/www.ean-express.com\/wp-content\/uploads\/2023\/08\/ean-chapter1.webp 500w\" sizes=\"auto, (max-width: 400px) 100vw, 400px\" \/>\t\t\t\t\t\t\n\t\t\t\t\t<\/div>\n\t\t\t\t\t\t\t\t\n<style>\n#image_1684901346 {\n  width: 100%;\n}\n<\/style>\n\t<\/div>\n\t\n\n\n\t\t<\/div>\n\t\t\t\t\t<\/div>\n\n\t\n\n\t<div id=\"col-1759562973\" class=\"col medium-9 small-12 large-9\"  >\n\t\t\t\t<div class=\"col-inner text-left\"  >\n\t\t\t\n\t\t\t\n\n<h2>Hist\u00f3ria dos c\u00f3digos de barras EAN<\/h2>\n<p>A<a href=\"https:\/\/www.ean-express.com\/pt-pt\/ean-express\/o-que-e-um-codigo-de-barras-ean-historia-estrutura-e-importancia-no-comercio-moderno\/historia-dos-codigos-ean-evolucao-dos-codigos-de-barras-e-impacto-na-gestao-do-inventario\/\"> hist\u00f3ria dos c\u00f3digos de barras EAN (European Article Number) <\/a>come\u00e7ou na d\u00e9cada de 1970. Concebidos para satisfazer as necessidades crescentes da ind\u00fastria retalhista, rapidamente ganharam popularidade e tornaram-se uma norma internacional. A sua introdu\u00e7\u00e3o marcou um ponto de viragem na forma como as empresas geriam os invent\u00e1rios e as transac\u00e7\u00f5es.  <\/p>\n<h3>Precursores e inova\u00e7\u00e3o<\/h3>\n<p>Antes dos c\u00f3digos de barras EAN, os sistemas de invent\u00e1rio eram essencialmente manuais, lentos e propensos a erros. A introdu\u00e7\u00e3o de c\u00f3digos de barras tornou poss\u00edvel automatizar estes processos, aumentando a efici\u00eancia e a precis\u00e3o. <\/p>\n<h3>Expans\u00e3o global<\/h3>\n<p>O sistema EAN foi rapidamente adotado \u00e0 escala mundial, normalizando os processos de venda a retalho e de gest\u00e3o de stocks em todo o mundo.<\/p>\n\n\n\t\t<\/div>\n\t\t\t\t\t<\/div>\n\n\t\n\n<\/div>\n\n\t\t<\/div>\n\n\t\t\n<style>\n#section_1630825948 {\n  padding-top: 20px;\n  padding-bottom: 20px;\n}\n#section_1630825948 .section-bg-overlay {\n  background-color: rgba(255, 255, 255, 0.85);\n}\n<\/style>\n\t<\/section>\n\t\n\n\t<section class=\"section\" id=\"section_292971210\">\n\t\t<div class=\"section-bg fill\" >\n\t\t\t\t\t\t\t\t\t<div class=\"section-bg-overlay absolute fill\"><\/div>\n\t\t\t\n\n\t\t<\/div>\n\n\t\t\n\n\t\t<div class=\"section-content relative\">\n\t\t\t\n\n<div class=\"row row-large align-middle\"  id=\"row-734554064\">\n\n\n\t<div id=\"col-1585247462\" class=\"col medium-9 small-12 large-9\"  >\n\t\t\t\t<div class=\"col-inner text-left\"  >\n\t\t\t\n\t\t\t\n\n<h2>Como funcionam os c\u00f3digos de barras EAN<\/h2>\n<p>Compreender <a href=\"https:\/\/www.ean-express.com\/pt-pt\/ean-express\/o-que-e-um-codigo-de-barras-ean-historia-estrutura-e-importancia-no-comercio-moderno\/desvendar-a-estrutura-dos-codigos-ean-uma-viagem-ao-coracao-da-identificacao-de-produtos\/\">como funcionam os c\u00f3digos de barras EAN<\/a> \u00e9 essencial para apreciar a sua engenhosidade e utilidade no com\u00e9rcio moderno.<\/p>\n<h3>Composi\u00e7\u00e3o de um c\u00f3digo de barras EAN<\/h3>\n<p>Um c\u00f3digo de barras EAN \u00e9 composto por barras e espa\u00e7os de diferentes larguras que representam n\u00fameros. Estes c\u00f3digos podem variar em comprimento, mas os mais comuns s\u00e3o os formatos EAN-13 e EAN-8. <\/p>\n<h3>O processo de leitura e descodifica\u00e7\u00e3o<\/h3>\n<p>Os c\u00f3digos de barras s\u00e3o lidos por scanners que utilizam a luz para descodificar a informa\u00e7\u00e3o que cont\u00eam. Estes dados s\u00e3o depois transmitidos a sistemas inform\u00e1ticos para processamento. <\/p>\n\n\n\t\t<\/div>\n\t\t\t\t\t<\/div>\n\n\t\n\n\t<div id=\"col-381190227\" class=\"col hide-for-small medium-3 small-12 large-3\"  >\n\t\t\t\t<div class=\"col-inner\"  >\n\t\t\t\n\t\t\t\n\n\t<div class=\"img has-hover x md-x lg-x y md-y lg-y\" id=\"image_573353923\">\n\t\t\t\t\t\t\t\t<div class=\"img-inner dark\" >\n\t\t\t<img loading=\"lazy\" decoding=\"async\" width=\"400\" height=\"400\" src=\"https:\/\/www.ean-express.com\/wp-content\/uploads\/2023\/08\/ean-chapitre2-400x400.webp\" class=\"attachment-medium size-medium\" alt=\"\" srcset=\"https:\/\/www.ean-express.com\/wp-content\/uploads\/2023\/08\/ean-chapitre2-400x400.webp 400w, https:\/\/www.ean-express.com\/wp-content\/uploads\/2023\/08\/ean-chapitre2-280x280.webp 280w, https:\/\/www.ean-express.com\/wp-content\/uploads\/2023\/08\/ean-chapitre2-247x247.webp 247w, https:\/\/www.ean-express.com\/wp-content\/uploads\/2023\/08\/ean-chapitre2-100x100.webp 100w, https:\/\/www.ean-express.com\/wp-content\/uploads\/2023\/08\/ean-chapitre2.webp 500w\" sizes=\"auto, (max-width: 400px) 100vw, 400px\" \/>\t\t\t\t\t\t\n\t\t\t\t\t<\/div>\n\t\t\t\t\t\t\t\t\n<style>\n#image_573353923 {\n  width: 100%;\n}\n<\/style>\n\t<\/div>\n\t\n\n\n\t\t<\/div>\n\t\t\t\t\t<\/div>\n\n\t\n\n<\/div>\n\n\t\t<\/div>\n\n\t\t\n<style>\n#section_292971210 {\n  padding-top: 0px;\n  padding-bottom: 0px;\n}\n#section_292971210 .section-bg-overlay {\n  background-color: rgba(255, 255, 255, 0.85);\n}\n<\/style>\n\t<\/section>\n\t\n\n\t<section class=\"section\" id=\"section_2008681528\">\n\t\t<div class=\"section-bg fill\" >\n\t\t\t\t\t\t\t\t\t<div class=\"section-bg-overlay absolute fill\"><\/div>\n\t\t\t\n\n\t\t<\/div>\n\n\t\t\n\n\t\t<div class=\"section-content relative\">\n\t\t\t\n\n<div class=\"row row-large align-middle\"  id=\"row-788091654\">\n\n\n\t<div id=\"col-101133563\" class=\"col hide-for-small medium-3 small-12 large-3\"  >\n\t\t\t\t<div class=\"col-inner\"  >\n\t\t\t\n\t\t\t\n\n\t<div class=\"img has-hover x md-x lg-x y md-y lg-y\" id=\"image_807193977\">\n\t\t\t\t\t\t\t\t<div class=\"img-inner dark\" >\n\t\t\t<img loading=\"lazy\" decoding=\"async\" width=\"400\" height=\"400\" src=\"https:\/\/www.ean-express.com\/wp-content\/uploads\/2023\/08\/ean-chapitre3-400x400.webp\" class=\"attachment-medium size-medium\" alt=\"\" srcset=\"https:\/\/www.ean-express.com\/wp-content\/uploads\/2023\/08\/ean-chapitre3-400x400.webp 400w, https:\/\/www.ean-express.com\/wp-content\/uploads\/2023\/08\/ean-chapitre3-280x280.webp 280w, https:\/\/www.ean-express.com\/wp-content\/uploads\/2023\/08\/ean-chapitre3-247x247.webp 247w, https:\/\/www.ean-express.com\/wp-content\/uploads\/2023\/08\/ean-chapitre3-100x100.webp 100w, https:\/\/www.ean-express.com\/wp-content\/uploads\/2023\/08\/ean-chapitre3.webp 500w\" sizes=\"auto, (max-width: 400px) 100vw, 400px\" \/>\t\t\t\t\t\t\n\t\t\t\t\t<\/div>\n\t\t\t\t\t\t\t\t\n<style>\n#image_807193977 {\n  width: 100%;\n}\n<\/style>\n\t<\/div>\n\t\n\n\n\t\t<\/div>\n\t\t\t\t\t<\/div>\n\n\t\n\n\t<div id=\"col-308774814\" class=\"col medium-9 small-12 large-9\"  >\n\t\t\t\t<div class=\"col-inner text-left\"  >\n\t\t\t\n\t\t\t\n\n<h2>Impacto econ\u00f3mico dos c\u00f3digos de barras EAN<\/h2>\n<p>O impacto econ\u00f3mico dos c\u00f3digos de barras EAN \u00e9 consider\u00e1vel, tanto para as empresas como para os consumidores.<\/p>\n<h3>Otimizar a gest\u00e3o do invent\u00e1rio<\/h3>\n<p>Os c\u00f3digos de barras EAN permitem uma gest\u00e3o de stocks mais precisa, reduzindo os erros e os custos associados \u00e0 inventaria\u00e7\u00e3o.<\/p>\n<h3>Melhorar a experi\u00eancia de compra<\/h3>\n<p>Para os consumidores, os c\u00f3digos de barras EAN facilitam e aceleram o processo de pagamento, melhorando a experi\u00eancia de compra.<\/p>\n<h3>Impacto na economia mundial<\/h3>\n<p>Ao simplificar as opera\u00e7\u00f5es de retalho, os c\u00f3digos de barras EAN t\u00eam um impacto positivo na efici\u00eancia econ\u00f3mica global, beneficiando todos os intervenientes no mercado.<\/p>\n\n\n\t\t<\/div>\n\t\t\t\t\t<\/div>\n\n\t\n\n<\/div>\n\n\t\t<\/div>\n\n\t\t\n<style>\n#section_2008681528 {\n  padding-top: 0px;\n  padding-bottom: 0px;\n}\n#section_2008681528 .section-bg-overlay {\n  background-color: rgba(255, 255, 255, 0.85);\n}\n<\/style>\n\t<\/section>\n\t\n\n\t<section class=\"section\" id=\"section_1264214014\">\n\t\t<div class=\"section-bg fill\" >\n\t\t\t\t\t\t\t\t\t\n\t\t\t\n\n\t\t<\/div>\n\n\t\t\n\n\t\t<div class=\"section-content relative\">\n\t\t\t\n\n\t<div id=\"text-197150628\" class=\"text\">\n\t\t\n\n<p>Os c\u00f3digos de barras EAN t\u00eam uma hist\u00f3ria rica que remonta \u00e0 d\u00e9cada de 1970.<\/p>\n<p>A sua estrutura engenhosa permite uma identifica\u00e7\u00e3o precisa dos produtos, simplificando a gest\u00e3o dos stocks, acelerando as transac\u00e7\u00f5es e garantindo a seguran\u00e7a dos produtos.<\/p>\n<p>No mundo do com\u00e9rcio moderno, os c\u00f3digos EAN continuam a ser um pilar essencial do qual depende o bom funcionamento e a efic\u00e1cia das empresas.<\/p>\n\t\t\n<style>\n#text-197150628 {\n  font-size: 1.25rem;\n  line-height: 1;\n  text-align: left;\n  color: rgb(249, 249, 249);\n}\n#text-197150628 > * {\n  color: rgb(249, 249, 249);\n}\n<\/style>\n\t<\/div>\n\t\n<div class=\"row\"  id=\"row-1371487176\">\n\n\n\t<div id=\"col-1539069856\" class=\"col small-12 large-12\"  >\n\t\t\t\t<div class=\"col-inner text-center\"  >\n\t\t\t\n\t\t\t\n\n<a href=\"\/\" class=\"button secondary is-large\" style=\"padding:10px 20px 10px 20px;\">\n\t\t<span>Clica aqui para obteres c\u00f3digos EAN em 3 minutos<\/span>\n\t<\/a>\n\n\n\n\t\t<\/div>\n\t\t\t\t\t<\/div>\n\n\t\n\n<\/div>\n\n\t\t<\/div>\n\n\t\t\n<style>\n#section_1264214014 {\n  padding-top: 30px;\n  padding-bottom: 30px;\n  background-color: rgb(68, 96, 132);\n}\n<\/style>\n\t<\/section>\n\t\n<div class=\"row\"  id=\"row-689337111\">\n\n\n\t<div id=\"col-266615587\" class=\"col small-12 large-12\"  >\n\t\t\t\t<div class=\"col-inner\"  >\n\t\t\t\n\t\t\t\n\n<div class=\"accordion\">\n\n\t<div id=\"accordion-3540470480\" class=\"accordion-item\">\n\t\t<a id=\"accordion-3540470480-label\" class=\"accordion-title plain\" href=\"#accordion-item-os-c\u00f3digos-ean-s\u00f3-s\u00e3o-utilizados-em-lojas-de-retalho?\" aria-expanded=\"false\" aria-controls=\"accordion-3540470480-content\">\n\t\t\t<button class=\"toggle\" aria-label=\"Toggle\"><i class=\"icon-angle-down\" aria-hidden=\"true\"><\/i><\/button>\n\t\t\t<span>Os c\u00f3digos EAN s\u00f3 s\u00e3o utilizados em lojas de retalho?<\/span>\n\t\t<\/a>\n\t\t<div id=\"accordion-3540470480-content\" class=\"accordion-inner\" aria-labelledby=\"accordion-3540470480-label\">\n\t\t\t\n\n<p>N\u00e3o, os c\u00f3digos EAN s\u00e3o utilizados numa variedade de sectores, incluindo a log\u00edstica, os cuidados de sa\u00fade e a ind\u00fastria transformadora, para localizar e identificar produtos.<\/p>\n\n\t\t<\/div>\n\t<\/div>\n\t\n\t<div id=\"accordion-429451352\" class=\"accordion-item\">\n\t\t<a id=\"accordion-429451352-label\" class=\"accordion-title plain\" href=\"#accordion-item-como-\u00e9-que-os-c\u00f3digos-ean-s\u00e3o-atribu\u00eddos-aos-produtos?\" aria-expanded=\"false\" aria-controls=\"accordion-429451352-content\">\n\t\t\t<button class=\"toggle\" aria-label=\"Toggle\"><i class=\"icon-angle-down\" aria-hidden=\"true\"><\/i><\/button>\n\t\t\t<span>Como \u00e9 que os c\u00f3digos EAN s\u00e3o atribu\u00eddos aos produtos?<\/span>\n\t\t<\/a>\n\t\t<div id=\"accordion-429451352-content\" class=\"accordion-inner\" aria-labelledby=\"accordion-429451352-label\">\n\t\t\t\n\n<p>Os c\u00f3digos EAN s\u00e3o atribu\u00eddos por organismos de registo espec\u00edficos de cada pa\u00eds, em colabora\u00e7\u00e3o com os fabricantes.<\/p>\n\n\t\t<\/div>\n\t<\/div>\n\t\n\t<div id=\"accordion-543090346\" class=\"accordion-item\">\n\t\t<a id=\"accordion-543090346-label\" class=\"accordion-title plain\" href=\"#accordion-item-qual-\u00e9-a-diferen\u00e7a-entre-os-c\u00f3digos-ean-e-os-c\u00f3digos-qr?\" aria-expanded=\"false\" aria-controls=\"accordion-543090346-content\">\n\t\t\t<button class=\"toggle\" aria-label=\"Toggle\"><i class=\"icon-angle-down\" aria-hidden=\"true\"><\/i><\/button>\n\t\t\t<span>Qual \u00e9 a diferen\u00e7a entre os c\u00f3digos EAN e os c\u00f3digos QR?<\/span>\n\t\t<\/a>\n\t\t<div id=\"accordion-543090346-content\" class=\"accordion-inner\" aria-labelledby=\"accordion-543090346-label\">\n\t\t\t\n\n<p>Os c\u00f3digos EAN s\u00e3o utilizados principalmente para identificar produtos, enquanto os c\u00f3digos QR podem conter informa\u00e7\u00f5es mais variadas, como liga\u00e7\u00f5es a s\u00edtios Web.<\/p>\n\n\t\t<\/div>\n\t<\/div>\n\t\n\t<div id=\"accordion-1132072478\" class=\"accordion-item\">\n\t\t<a id=\"accordion-1132072478-label\" class=\"accordion-title plain\" href=\"#accordion-item-os-c\u00f3digos-ean-podem-ser-modificados-ou-reutilizados-para-outros-produtos?\" aria-expanded=\"false\" aria-controls=\"accordion-1132072478-content\">\n\t\t\t<button class=\"toggle\" aria-label=\"Toggle\"><i class=\"icon-angle-down\" aria-hidden=\"true\"><\/i><\/button>\n\t\t\t<span>Os c\u00f3digos EAN podem ser modificados ou reutilizados para outros produtos?<\/span>\n\t\t<\/a>\n\t\t<div id=\"accordion-1132072478-content\" class=\"accordion-inner\" aria-labelledby=\"accordion-1132072478-label\">\n\t\t\t\n\n<p>Cada c\u00f3digo EAN \u00e9 \u00fanico e n\u00e3o deve ser reutilizado para outros produtos. A altera\u00e7\u00e3o de um c\u00f3digo EAN pode causar confus\u00e3o na rastreabilidade. <\/p>\n\n\t\t<\/div>\n\t<\/div>\n\t\n\t<div id=\"accordion-736630643\" class=\"accordion-item\">\n\t\t<a id=\"accordion-736630643-label\" class=\"accordion-title plain\" href=\"#accordion-item-os-c\u00f3digos-ean-ser\u00e3o-substitu\u00eddos-por-novas-tecnologias-no-futuro?\" aria-expanded=\"false\" aria-controls=\"accordion-736630643-content\">\n\t\t\t<button class=\"toggle\" aria-label=\"Toggle\"><i class=\"icon-angle-down\" aria-hidden=\"true\"><\/i><\/button>\n\t\t\t<span>Os c\u00f3digos EAN ser\u00e3o substitu\u00eddos por novas tecnologias no futuro?<\/span>\n\t\t<\/a>\n\t\t<div id=\"accordion-736630643-content\" class=\"accordion-inner\" aria-labelledby=\"accordion-736630643-label\">\n\t\t\t\n\n<p>Embora as novas tecnologias, como a RFID, estejam a ganhar popularidade, os c\u00f3digos EAN continuam a ser amplamente utilizados e devem continuar a desempenhar um papel importante na gest\u00e3o dos produtos.<\/p>\n\n\t\t<\/div>\n\t<\/div>\n\t\n\n<\/div>\n\n\t\t<\/div>\n\t\t\t\t\t<\/div>\n\n\t\n\n<\/div>\n\n","protected":false},"excerpt":{"rendered":"","protected":false},"author":1,"featured_media":0,"parent":881,"menu_order":1,"comment_status":"closed","ping_status":"closed","template":"","meta":{"footnotes":""},"class_list":["post-3524","page","type-page","status-publish","hentry"],"_links":{"self":[{"href":"https:\/\/www.ean-express.com\/pt-pt\/wp-json\/wp\/v2\/pages\/3524","targetHints":{"allow":["GET"]}}],"collection":[{"href":"https:\/\/www.ean-express.com\/pt-pt\/wp-json\/wp\/v2\/pages"}],"about":[{"href":"https:\/\/www.ean-express.com\/pt-pt\/wp-json\/wp\/v2\/types\/page"}],"author":[{"embeddable":true,"href":"https:\/\/www.ean-express.com\/pt-pt\/wp-json\/wp\/v2\/users\/1"}],"replies":[{"embeddable":true,"href":"https:\/\/www.ean-express.com\/pt-pt\/wp-json\/wp\/v2\/comments?post=3524"}],"version-history":[{"count":2,"href":"https:\/\/www.ean-express.com\/pt-pt\/wp-json\/wp\/v2\/pages\/3524\/revisions"}],"predecessor-version":[{"id":3530,"href":"https:\/\/www.ean-express.com\/pt-pt\/wp-json\/wp\/v2\/pages\/3524\/revisions\/3530"}],"up":[{"embeddable":true,"href":"https:\/\/www.ean-express.com\/pt-pt\/wp-json\/wp\/v2\/pages\/881"}],"wp:attachment":[{"href":"https:\/\/www.ean-express.com\/pt-pt\/wp-json\/wp\/v2\/media?parent=3524"}],"curies":[{"name":"wp","href":"https:\/\/api.w.org\/{rel}","templated":true}]}}