{"id":3573,"date":"2023-06-19T17:04:01","date_gmt":"2023-06-19T15:04:01","guid":{"rendered":"https:\/\/www.ean-express.com\/testo\/"},"modified":"2025-11-19T22:01:38","modified_gmt":"2025-11-19T21:01:38","slug":"testo","status":"publish","type":"page","link":"https:\/\/www.ean-express.com\/it\/testo\/","title":{"rendered":"testo"},"content":{"rendered":"\n  <div id=\"page-header-1089595064\" class=\"page-header-wrapper\">\n  <div class=\"page-title dark featured-title box-shadow-2\">\n\n        <div class=\"page-title-bg\">\n      <div class=\"title-bg fill bg-fill\"\n        data-parallax-container=\".page-title\"\n        data-parallax-background\n        data-parallax=\"-\">\n      <\/div>\n      <div class=\"title-overlay fill\"><\/div>\n    <\/div>\n    \n    <div class=\"page-title-inner container align-center text-center flex-row-col medium-flex-wrap\" >\n              <div class=\"title-wrapper flex-col\">\n          <h1 class=\"entry-title mb-0\">\n            Capire i codici EAN          <\/h1>\n        <\/div>\n                    <div class=\"title-content flex-col\">\n        <div class=\"title-breadcrumbs pb-half pt-half\"><\/div>      <\/div>\n    <\/div>\n\n     \n<style>\n#page-header-1089595064 .title-bg {\n  background-image: url(https:\/\/www.ean-express.com\/wp-content\/uploads\/2023\/06\/header-ean-page.webp);\n}\n#page-header-1089595064 .title-overlay {\n  background-color: rgba(0, 0, 0, 0.424);\n}\n<\/style>\n  <\/div>\n    <\/div>\n  \n\n\n\t<section class=\"section\" id=\"section_1694304044\">\n\t\t<div class=\"section-bg fill\" >\n\t\t\t\t\t\t\t\t\t<div class=\"section-bg-overlay absolute fill\"><\/div>\n\t\t\t\n\n\t\t<\/div>\n\n\t\t\n\n\t\t<div class=\"section-content relative\">\n\t\t\t\n\n<div class=\"row row-collapse row-full-width\"  id=\"row-792781874\">\n\n\n\t<div id=\"col-1124590639\" class=\"col small-12 large-12\"  >\n\t\t\t\t<div class=\"col-inner text-center\"  >\n\t\t\t\n\t\t\t\n\n\t<div id=\"text-1425503206\" class=\"text\">\n\t\t\n\n<p>In un mondo sempre pi\u00f9 globalizzato, i codici EAN svolgono un ruolo cruciale nel garantire l&#8217;uniformit\u00e0 e la facilit\u00e0 delle transazioni nel commercio internazionale. Ma cos&#8217;\u00e8 esattamente un codice EAN? Questo articolo le fornir\u00e0 un&#8217;introduzione completa e approfondita a questo indispensabile sistema di identificazione dei prodotti.  <\/p>\n\n\t\t\n<style>\n#text-1425503206 {\n  text-align: left;\n}\n<\/style>\n\t<\/div>\n\t\n\n\t\t<\/div>\n\t\t\t\t\n<style>\n#col-1124590639 > .col-inner {\n  padding: 50px 0px 50px 0px;\n}\n<\/style>\n\t<\/div>\n\n\t\n\n\t<div id=\"col-1331546342\" class=\"col large-12\"  >\n\t\t\t\t<div class=\"col-inner\"  >\n\t\t\t\n\t\t\t\n\n\t<div class=\"img has-hover x md-x lg-x y md-y lg-y\" id=\"image_1445711053\">\n\t\t\t\t\t\t\t\t<div class=\"img-inner dark\" >\n\t\t\t<img loading=\"lazy\" decoding=\"async\" width=\"1020\" height=\"556\" src=\"https:\/\/www.ean-express.com\/wp-content\/uploads\/2023\/06\/GTIN-logistique-code-rapide-1400x763.webp\" class=\"attachment-large size-large\" alt=\"Acquistare codici EAN validi\" srcset=\"https:\/\/www.ean-express.com\/wp-content\/uploads\/2023\/06\/GTIN-logistique-code-rapide-1400x763.webp 1400w, https:\/\/www.ean-express.com\/wp-content\/uploads\/2023\/06\/GTIN-logistique-code-rapide-510x278.webp 510w, https:\/\/www.ean-express.com\/wp-content\/uploads\/2023\/06\/GTIN-logistique-code-rapide-734x400.webp 734w, https:\/\/www.ean-express.com\/wp-content\/uploads\/2023\/06\/GTIN-logistique-code-rapide-768x418.webp 768w, https:\/\/www.ean-express.com\/wp-content\/uploads\/2023\/06\/GTIN-logistique-code-rapide-1536x837.webp 1536w, https:\/\/www.ean-express.com\/wp-content\/uploads\/2023\/06\/GTIN-logistique-code-rapide-2048x1116.webp 2048w\" sizes=\"auto, (max-width: 1020px) 100vw, 1020px\" \/>\t\t\t\t\t\t\n\t\t\t\t\t<\/div>\n\t\t\t\t\t\t\t\t\n<style>\n#image_1445711053 {\n  width: 100%;\n}\n<\/style>\n\t<\/div>\n\t\n\n\t<div id=\"gap-766742596\" class=\"gap-element clearfix\" style=\"display:block; height:auto;\">\n\t\t\n<style>\n#gap-766742596 {\n  padding-top: 30px;\n}\n<\/style>\n\t<\/div>\n\t\n\n\n\t\t<\/div>\n\t\t\t\t\t<\/div>\n\n\t\n\n<\/div>\n\n\t\t<\/div>\n\n\t\t\n<style>\n#section_1694304044 {\n  padding-top: 0px;\n  padding-bottom: 0px;\n  background-color: rgb(255, 255, 255);\n}\n#section_1694304044 .section-bg-overlay {\n  background-color: rgba(255, 255, 255, 0.85);\n}\n<\/style>\n\t<\/section>\n\t\n\n\t<section class=\"section\" id=\"section_1693594663\">\n\t\t<div class=\"section-bg fill\" >\n\t\t\t\t\t\t\t\t\t\n\t\t\t\n\n\t\t<\/div>\n\n\t\t\n\n\t\t<div class=\"section-content relative\">\n\t\t\t\n\n<h2>Storia dei codici EAN<\/h2>\n<p>Il sistema di codifica EAN non \u00e8 sempre stato con noi. La sua storia \u00e8 affascinante e illustra come un&#8217;idea semplice abbia potuto trasformare il settore della vendita al dettaglio. Pu\u00f2 saperne di pi\u00f9 nella nostra sezione dettagliata sulla<a href=\"storia_ean_url\">storia dei codici EAN<\/a>.  <\/p>\n<h2>Come sono strutturati i codici EAN<\/h2>\n<p>Un codice EAN \u00e8 strutturato in modo specifico per contenere una serie di informazioni sul prodotto che rappresenta. Scopra <a href=\"struttura_ean_url\">come sono strutturati i codici EAN<\/a> nel nostro articolo dedicato. <\/p>\n<h2>Perch\u00e9 i codici EAN sono importanti nella vendita al dettaglio<\/h2>\n<p>I codici EAN sono pi\u00f9 che semplici numeri. Sono essenziali per il commercio moderno e consentono una gestione efficiente delle scorte, una distribuzione logistica e una chiara identificazione dei prodotti. Scopra <a href=\"importanza_ean_commerce_url\">perch\u00e9 i codici EAN sono importanti nella vendita al dettaglio<\/a>.  <\/p>\n<h2>Tipi di codici EAN<\/h2>\n<p>Esistono diversi tipi di codice EAN, ognuno con un uso specifico. Per saperne di pi\u00f9 su questi diversi tipi, consulti la nostra pagina sui <a href=\"tipo_ean_url\">tipi di codice EAN<\/a>. <\/p>\n<h2>Standard internazionali per i codici EAN<\/h2>\n<p>I codici EAN sono regolati da standard internazionali per garantirne l&#8217;uniformit\u00e0 in tutto il mondo. Scopra di pi\u00f9 sugli <a href=\"standard_internazionali_e_url\">standard internazionali per i codici EAN<\/a> nel nostro articolo speciale. <\/p>\n<h2>Qual \u00e8 la differenza tra un Codice UPC e un Codice EAN?<\/h2>\n<p>Sebbene i codici UPC ed EAN siano entrambi utilizzati per identificare i prodotti, ci sono alcune differenze notevoli tra loro. Scopra la <a href=\"upc_vs_ean_url\">differenza tra un codice UPC e un codice EAN<\/a> nella nostra pagina dedicata. <\/p>\n\n\t\t<\/div>\n\n\t\t\n<style>\n#section_1693594663 {\n  padding-top: 30px;\n  padding-bottom: 30px;\n}\n<\/style>\n\t<\/section>\n\t\n<div class=\"message-box relative dark\" style=\"padding-top:15px;padding-bottom:15px;\"><div class=\"message-box-bg-image bg-fill fill\" style=\"background-image:url(https:\/\/www.ean-express.com\/wp-content\/uploads\/2023\/06\/ean-express-generation-code-barre-1-1400x787.webp);\"><\/div><div class=\"message-box-bg-overlay bg-fill fill\" style=\"background-color:rgba(0, 0, 0, 0.616);\"><\/div><div class=\"container relative\"><div class=\"inner last-reset\">\n\n<div class=\"row align-middle align-center\"  id=\"row-1524794223\">\n\n\n\t<div id=\"col-1340279182\" class=\"col medium-9 small-12 large-9\"  >\n\t\t\t\t<div class=\"col-inner\"  >\n\t\t\t\n\t\t\t\n\n<h3 class=\"uppercase\">Ha bisogno di codici ean validi?<\/h3>\n<p class=\"thin-font lead\">Ottiene i suoi codici EAN in meno di 5 minuti, senza necessit\u00e0 di abbonamento.<\/p>\n<p class=\"thin-font lead\">\u2714\ufe0fLivraison via e-mail in 5 minuti.<br>\u2714\ufe0fService 24 ore al giorno, 365 giorni all&#8217;anno<br>\u2714\ufe0f Compatibile con Google Merchant Center e Amazon<br>\u2714\ufe0fUtilisable per tutti i suoi prodotti in-house o su qualsiasi marketplace.<\/p>\n\n\t\t<\/div>\n\t\t\t\t\t<\/div>\n\n\t\n\n\t<div id=\"col-2109424031\" class=\"col medium-4 small-12 large-4\"  >\n\t\t\t\t<div class=\"col-inner\"  >\n\t\t\t\n\t\t\t\n\n<a class=\"button success\" >\n\t\t<span>Acquista ean<\/span>\n\t<\/a>\n\n\n\n\t\t<\/div>\n\t\t\t\t\t<\/div>\n\n\t\n\n<\/div>\n\n<\/div><\/div><\/div>\n","protected":false},"excerpt":{"rendered":"","protected":false},"author":1,"featured_media":0,"parent":0,"menu_order":0,"comment_status":"closed","ping_status":"closed","template":"","meta":{"footnotes":""},"class_list":["post-3573","page","type-page","status-publish","hentry"],"_links":{"self":[{"href":"https:\/\/www.ean-express.com\/it\/wp-json\/wp\/v2\/pages\/3573","targetHints":{"allow":["GET"]}}],"collection":[{"href":"https:\/\/www.ean-express.com\/it\/wp-json\/wp\/v2\/pages"}],"about":[{"href":"https:\/\/www.ean-express.com\/it\/wp-json\/wp\/v2\/types\/page"}],"author":[{"embeddable":true,"href":"https:\/\/www.ean-express.com\/it\/wp-json\/wp\/v2\/users\/1"}],"replies":[{"embeddable":true,"href":"https:\/\/www.ean-express.com\/it\/wp-json\/wp\/v2\/comments?post=3573"}],"version-history":[{"count":4,"href":"https:\/\/www.ean-express.com\/it\/wp-json\/wp\/v2\/pages\/3573\/revisions"}],"predecessor-version":[{"id":3737,"href":"https:\/\/www.ean-express.com\/it\/wp-json\/wp\/v2\/pages\/3573\/revisions\/3737"}],"wp:attachment":[{"href":"https:\/\/www.ean-express.com\/it\/wp-json\/wp\/v2\/media?parent=3573"}],"curies":[{"name":"wp","href":"https:\/\/api.w.org\/{rel}","templated":true}]}}