{"id":3446,"date":"2023-08-30T22:31:22","date_gmt":"2023-08-30T20:31:22","guid":{"rendered":"https:\/\/www.ean-express.com\/ean-express\/che-cose-un-codice-a-barre-ean-storia-struttura-e-importanza-nel-commercio-moderno\/"},"modified":"2025-11-19T16:57:15","modified_gmt":"2025-11-19T15:57:15","slug":"che-cose-un-codice-a-barre-ean-storia-struttura-e-importanza-nel-commercio-moderno","status":"publish","type":"page","link":"https:\/\/www.ean-express.com\/it\/ean-express\/che-cose-un-codice-a-barre-ean-storia-struttura-e-importanza-nel-commercio-moderno\/","title":{"rendered":"Che cos&#8217;\u00e8 un codice a barre EAN? Storia, struttura e importanza nel commercio moderno"},"content":{"rendered":"\n\n\t<section class=\"section\" id=\"section_1377256923\">\n\t\t<div class=\"section-bg fill\" >\n\t\t\t\t\t\t\t\t\t\n\t\t\t\n\n\t\t<\/div>\n\n\t\t\n\n\t\t<div class=\"section-content relative\">\n\t\t\t\n\n<div class=\"container section-title-container\" ><h1 class=\"section-title section-title-normal\"><b aria-hidden=\"true\"><\/b><span class=\"section-title-main\" style=\"color:rgb(255, 255, 255);\">Tutto quello che c&#039;\u00e8 da sapere sui codici a barre EAN - Storia, funzionamento e impatto economico<\/span><b aria-hidden=\"true\"><\/b><\/h1><\/div>\n\n\t<div id=\"text-3516310680\" class=\"text\">\n\t\t\n\n<p>Hai mai immaginato come i prodotti nei negozi vengano identificati e tracciati con tale precisione? La chiave sta nei codici a barre EAN. L&#8217;EAN, acronimo di <strong>European Article Number<\/strong>, \u00e8 uno standard globale per la marcatura dei prodotti. Ma come \u00e8 nato questo sistema rivoluzionario?<\/p>\n\n\t\t\n<style>\n#text-3516310680 {\n  font-size: 1.25rem;\n  line-height: 1.25;\n  text-align: left;\n  color: rgb(255, 255, 255);\n}\n#text-3516310680 > * {\n  color: rgb(255, 255, 255);\n}\n<\/style>\n\t<\/div>\n\t\n\n\t\t<\/div>\n\n\t\t\n<style>\n#section_1377256923 {\n  padding-top: 30px;\n  padding-bottom: 30px;\n  background-color: rgb(68, 96, 132);\n}\n<\/style>\n\t<\/section>\n\t\n\n\t<section class=\"section\" id=\"section_856264825\">\n\t\t<div class=\"section-bg fill\" >\n\t\t\t\t\t\t\t\t\t<div class=\"section-bg-overlay absolute fill\"><\/div>\n\t\t\t\n\n\t\t<\/div>\n\n\t\t\n\n\t\t<div class=\"section-content relative\">\n\t\t\t\n\n<div class=\"row row-large align-middle\"  id=\"row-683494851\">\n\n\n\t<div id=\"col-1865814809\" class=\"col hide-for-small medium-3 small-12 large-3\"  >\n\t\t\t\t<div class=\"col-inner\"  >\n\t\t\t\n\t\t\t\n\n\t<div class=\"img has-hover x md-x lg-x y md-y lg-y\" id=\"image_1179854037\">\n\t\t\t\t\t\t\t\t<div class=\"img-inner dark\" >\n\t\t\t<img loading=\"lazy\" decoding=\"async\" width=\"400\" height=\"400\" src=\"https:\/\/www.ean-express.com\/wp-content\/uploads\/2023\/08\/ean-chapter1-400x400.webp\" class=\"attachment-medium size-medium\" alt=\"\" srcset=\"https:\/\/www.ean-express.com\/wp-content\/uploads\/2023\/08\/ean-chapter1-400x400.webp 400w, https:\/\/www.ean-express.com\/wp-content\/uploads\/2023\/08\/ean-chapter1-280x280.webp 280w, https:\/\/www.ean-express.com\/wp-content\/uploads\/2023\/08\/ean-chapter1-247x247.webp 247w, https:\/\/www.ean-express.com\/wp-content\/uploads\/2023\/08\/ean-chapter1-100x100.webp 100w, https:\/\/www.ean-express.com\/wp-content\/uploads\/2023\/08\/ean-chapter1.webp 500w\" sizes=\"auto, (max-width: 400px) 100vw, 400px\" \/>\t\t\t\t\t\t\n\t\t\t\t\t<\/div>\n\t\t\t\t\t\t\t\t\n<style>\n#image_1179854037 {\n  width: 100%;\n}\n<\/style>\n\t<\/div>\n\t\n\n\n\t\t<\/div>\n\t\t\t\t\t<\/div>\n\n\t\n\n\t<div id=\"col-704887463\" class=\"col medium-9 small-12 large-9\"  >\n\t\t\t\t<div class=\"col-inner text-left\"  >\n\t\t\t\n\t\t\t\n\n<h2>Storia dei codici a barre EAN<\/h2>\n<p>La<a href=\"https:\/\/www.ean-express.com\/it\/ean-express\/che-cose-un-codice-a-barre-ean-storia-struttura-e-importanza-nel-commercio-moderno\/storia-dei-codici-ean-evoluzione-dei-codici-a-barre-e-impatto-sulla-gestione-dellinventario\/\"> storia dei codici a barre EAN (European Article Number) <\/a>\u00e8 iniziata negli anni &#8217;70. Progettati per soddisfare le crescenti esigenze del settore della vendita al dettaglio, hanno guadagnato rapidamente popolarit\u00e0 e sono diventati uno standard internazionale. La loro introduzione ha segnato una svolta nel modo in cui le aziende gestiscono gli inventari e le transazioni.<\/p>\n<h3>Precursori e innovazione<\/h3>\n<p>Prima dei codici a barre EAN, i sistemi di inventario erano principalmente manuali, lenti e soggetti a errori. L&#8217;introduzione dei codici a barre ha permesso di automatizzare questi processi, aumentando l&#8217;efficienza e la precisione.<\/p>\n<h3>Espansione globale<\/h3>\n<p>Il sistema EAN \u00e8 stato rapidamente adottato in tutto il mondo, standardizzando i processi di vendita al dettaglio e di gestione delle scorte in tutto il mondo.<\/p>\n\n\n\t\t<\/div>\n\t\t\t\t\t<\/div>\n\n\t\n\n<\/div>\n\n\t\t<\/div>\n\n\t\t\n<style>\n#section_856264825 {\n  padding-top: 20px;\n  padding-bottom: 20px;\n}\n#section_856264825 .section-bg-overlay {\n  background-color: rgba(255, 255, 255, 0.85);\n}\n<\/style>\n\t<\/section>\n\t\n\n\t<section class=\"section\" id=\"section_1481130422\">\n\t\t<div class=\"section-bg fill\" >\n\t\t\t\t\t\t\t\t\t<div class=\"section-bg-overlay absolute fill\"><\/div>\n\t\t\t\n\n\t\t<\/div>\n\n\t\t\n\n\t\t<div class=\"section-content relative\">\n\t\t\t\n\n<div class=\"row row-large align-middle\"  id=\"row-1875461949\">\n\n\n\t<div id=\"col-882363961\" class=\"col medium-9 small-12 large-9\"  >\n\t\t\t\t<div class=\"col-inner text-left\"  >\n\t\t\t\n\t\t\t\n\n<h2>Come funzionano i codici a barre EAN<\/h2>\n<p>Capire <a href=\"https:\/\/www.ean-express.com\/it\/ean-express\/che-cose-un-codice-a-barre-ean-storia-struttura-e-importanza-nel-commercio-moderno\/svelare-la-struttura-dei-codici-ean-un-viaggio-nel-cuore-dellidentificazione-dei-prodotti\/\">come funzionano i codici a barre EAN<\/a> \u00e8 essenziale per apprezzarne l&#8217;ingegnosit\u00e0 e l&#8217;utilit\u00e0 nel commercio moderno.<\/p>\n<h3>Composizione di un codice a barre EAN<\/h3>\n<p>Un codice a barre EAN \u00e8 composto da barre e spazi di diversa larghezza che rappresentano dei numeri. Questi codici possono variare in lunghezza, ma i pi\u00f9 comuni sono i formati EAN-13 e EAN-8.<\/p>\n<h3>Il processo di lettura e decodifica<\/h3>\n<p>I codici a barre vengono letti da scanner che utilizzano la luce per decodificare le informazioni che contengono. Questi dati vengono poi trasmessi ai sistemi informatici per essere elaborati.<\/p>\n\n\n\t\t<\/div>\n\t\t\t\t\t<\/div>\n\n\t\n\n\t<div id=\"col-618276586\" class=\"col hide-for-small medium-3 small-12 large-3\"  >\n\t\t\t\t<div class=\"col-inner\"  >\n\t\t\t\n\t\t\t\n\n\t<div class=\"img has-hover x md-x lg-x y md-y lg-y\" id=\"image_2022742497\">\n\t\t\t\t\t\t\t\t<div class=\"img-inner dark\" >\n\t\t\t<img loading=\"lazy\" decoding=\"async\" width=\"400\" height=\"400\" src=\"https:\/\/www.ean-express.com\/wp-content\/uploads\/2023\/08\/ean-chapitre2-400x400.webp\" class=\"attachment-medium size-medium\" alt=\"\" srcset=\"https:\/\/www.ean-express.com\/wp-content\/uploads\/2023\/08\/ean-chapitre2-400x400.webp 400w, https:\/\/www.ean-express.com\/wp-content\/uploads\/2023\/08\/ean-chapitre2-280x280.webp 280w, https:\/\/www.ean-express.com\/wp-content\/uploads\/2023\/08\/ean-chapitre2-247x247.webp 247w, https:\/\/www.ean-express.com\/wp-content\/uploads\/2023\/08\/ean-chapitre2-100x100.webp 100w, https:\/\/www.ean-express.com\/wp-content\/uploads\/2023\/08\/ean-chapitre2.webp 500w\" sizes=\"auto, (max-width: 400px) 100vw, 400px\" \/>\t\t\t\t\t\t\n\t\t\t\t\t<\/div>\n\t\t\t\t\t\t\t\t\n<style>\n#image_2022742497 {\n  width: 100%;\n}\n<\/style>\n\t<\/div>\n\t\n\n\n\t\t<\/div>\n\t\t\t\t\t<\/div>\n\n\t\n\n<\/div>\n\n\t\t<\/div>\n\n\t\t\n<style>\n#section_1481130422 {\n  padding-top: 0px;\n  padding-bottom: 0px;\n}\n#section_1481130422 .section-bg-overlay {\n  background-color: rgba(255, 255, 255, 0.85);\n}\n<\/style>\n\t<\/section>\n\t\n\n\t<section class=\"section\" id=\"section_1425458607\">\n\t\t<div class=\"section-bg fill\" >\n\t\t\t\t\t\t\t\t\t<div class=\"section-bg-overlay absolute fill\"><\/div>\n\t\t\t\n\n\t\t<\/div>\n\n\t\t\n\n\t\t<div class=\"section-content relative\">\n\t\t\t\n\n<div class=\"row row-large align-middle\"  id=\"row-969142688\">\n\n\n\t<div id=\"col-521947493\" class=\"col hide-for-small medium-3 small-12 large-3\"  >\n\t\t\t\t<div class=\"col-inner\"  >\n\t\t\t\n\t\t\t\n\n\t<div class=\"img has-hover x md-x lg-x y md-y lg-y\" id=\"image_1195119650\">\n\t\t\t\t\t\t\t\t<div class=\"img-inner dark\" >\n\t\t\t<img loading=\"lazy\" decoding=\"async\" width=\"400\" height=\"400\" src=\"https:\/\/www.ean-express.com\/wp-content\/uploads\/2023\/08\/ean-chapitre3-400x400.webp\" class=\"attachment-medium size-medium\" alt=\"\" srcset=\"https:\/\/www.ean-express.com\/wp-content\/uploads\/2023\/08\/ean-chapitre3-400x400.webp 400w, https:\/\/www.ean-express.com\/wp-content\/uploads\/2023\/08\/ean-chapitre3-280x280.webp 280w, https:\/\/www.ean-express.com\/wp-content\/uploads\/2023\/08\/ean-chapitre3-247x247.webp 247w, https:\/\/www.ean-express.com\/wp-content\/uploads\/2023\/08\/ean-chapitre3-100x100.webp 100w, https:\/\/www.ean-express.com\/wp-content\/uploads\/2023\/08\/ean-chapitre3.webp 500w\" sizes=\"auto, (max-width: 400px) 100vw, 400px\" \/>\t\t\t\t\t\t\n\t\t\t\t\t<\/div>\n\t\t\t\t\t\t\t\t\n<style>\n#image_1195119650 {\n  width: 100%;\n}\n<\/style>\n\t<\/div>\n\t\n\n\n\t\t<\/div>\n\t\t\t\t\t<\/div>\n\n\t\n\n\t<div id=\"col-1134362779\" class=\"col medium-9 small-12 large-9\"  >\n\t\t\t\t<div class=\"col-inner text-left\"  >\n\t\t\t\n\t\t\t\n\n<h2>Impatto economico dei codici a barre EAN<\/h2>\n<p>L&#8217;impatto economico dei codici a barre EAN \u00e8 notevole, sia per le aziende che per i consumatori.<\/p>\n<h3>Ottimizzare la gestione dell&#8217;inventario<\/h3>\n<p>I codici a barre EAN consentono una gestione pi\u00f9 accurata delle scorte, riducendo gli errori e i costi associati all&#8217;inventario.<\/p>\n<h3>Migliorare l&#8217;esperienza di acquisto<\/h3>\n<p>Per i consumatori, i codici a barre EAN facilitano e velocizzano il processo di pagamento, migliorando l&#8217;esperienza di acquisto.<\/p>\n<h3>Impatto sull&#8217;economia globale<\/h3>\n<p>Semplificando le operazioni di vendita al dettaglio, i codici a barre EAN hanno un impatto positivo sull&#8217;efficienza economica complessiva, a vantaggio di tutti gli operatori del mercato.<\/p>\n\n\n\t\t<\/div>\n\t\t\t\t\t<\/div>\n\n\t\n\n<\/div>\n\n\t\t<\/div>\n\n\t\t\n<style>\n#section_1425458607 {\n  padding-top: 0px;\n  padding-bottom: 0px;\n}\n#section_1425458607 .section-bg-overlay {\n  background-color: rgba(255, 255, 255, 0.85);\n}\n<\/style>\n\t<\/section>\n\t\n\n\t<section class=\"section\" id=\"section_1928646319\">\n\t\t<div class=\"section-bg fill\" >\n\t\t\t\t\t\t\t\t\t\n\t\t\t\n\n\t\t<\/div>\n\n\t\t\n\n\t\t<div class=\"section-content relative\">\n\t\t\t\n\n\t<div id=\"text-432110231\" class=\"text\">\n\t\t\n\n<p>I codici a barre EAN hanno una ricca storia che risale agli anni &#8217;70.<\/p>\n<p>La loro ingegnosa struttura permette di identificare con precisione i prodotti, semplificando la gestione delle scorte, velocizzando le transazioni e garantendo la sicurezza dei prodotti.<\/p>\n<p>Nel mondo del commercio moderno, i codici EAN rimangono un pilastro essenziale da cui dipende il funzionamento regolare ed efficiente delle aziende.<\/p>\n\t\t\n<style>\n#text-432110231 {\n  font-size: 1.25rem;\n  line-height: 1;\n  text-align: left;\n  color: rgb(249, 249, 249);\n}\n#text-432110231 > * {\n  color: rgb(249, 249, 249);\n}\n<\/style>\n\t<\/div>\n\t\n<div class=\"row\"  id=\"row-536204029\">\n\n\n\t<div id=\"col-1641817763\" class=\"col small-12 large-12\"  >\n\t\t\t\t<div class=\"col-inner text-center\"  >\n\t\t\t\n\t\t\t\n\n<a href=\"\/\" class=\"button secondary is-large\" style=\"padding:10px 20px 10px 20px;\">\n\t\t<span>Clicca qui per ottenere i codici EAN in 3 minuti<\/span>\n\t<\/a>\n\n\n\n\t\t<\/div>\n\t\t\t\t\t<\/div>\n\n\t\n\n<\/div>\n\n\t\t<\/div>\n\n\t\t\n<style>\n#section_1928646319 {\n  padding-top: 30px;\n  padding-bottom: 30px;\n  background-color: rgb(68, 96, 132);\n}\n<\/style>\n\t<\/section>\n\t\n<div class=\"row\"  id=\"row-1512885486\">\n\n\n\t<div id=\"col-218579215\" class=\"col small-12 large-12\"  >\n\t\t\t\t<div class=\"col-inner\"  >\n\t\t\t\n\t\t\t\n\n<div class=\"accordion\">\n\n\t<div id=\"accordion-254793874\" class=\"accordion-item\">\n\t\t<a id=\"accordion-254793874-label\" class=\"accordion-title plain\" href=\"#accordion-item-i-codici-ean-sono-utilizzati-solo-nei-negozi-al-dettaglio?\" aria-expanded=\"false\" aria-controls=\"accordion-254793874-content\">\n\t\t\t<button class=\"toggle\" aria-label=\"Attiva\/Disattiva\"><i class=\"icon-angle-down\" aria-hidden=\"true\"><\/i><\/button>\n\t\t\t<span>I codici EAN sono utilizzati solo nei negozi al dettaglio?<\/span>\n\t\t<\/a>\n\t\t<div id=\"accordion-254793874-content\" class=\"accordion-inner\" aria-labelledby=\"accordion-254793874-label\">\n\t\t\t\n\n<p>No, i codici EAN sono utilizzati in diversi settori, tra cui la logistica, la sanit\u00e0 e la produzione, per tracciare e identificare i prodotti.<\/p>\n\n\t\t<\/div>\n\t<\/div>\n\t\n\t<div id=\"accordion-2647478947\" class=\"accordion-item\">\n\t\t<a id=\"accordion-2647478947-label\" class=\"accordion-title plain\" href=\"#accordion-item-come-vengono-assegnati-i-codici-ean-ai-prodotti?\" aria-expanded=\"false\" aria-controls=\"accordion-2647478947-content\">\n\t\t\t<button class=\"toggle\" aria-label=\"Attiva\/Disattiva\"><i class=\"icon-angle-down\" aria-hidden=\"true\"><\/i><\/button>\n\t\t\t<span>Come vengono assegnati i codici EAN ai prodotti?<\/span>\n\t\t<\/a>\n\t\t<div id=\"accordion-2647478947-content\" class=\"accordion-inner\" aria-labelledby=\"accordion-2647478947-label\">\n\t\t\t\n\n<p>I codici EAN vengono assegnati da enti di registrazione specifici per ogni paese, in collaborazione con i produttori.<\/p>\n\n\t\t<\/div>\n\t<\/div>\n\t\n\t<div id=\"accordion-1033230607\" class=\"accordion-item\">\n\t\t<a id=\"accordion-1033230607-label\" class=\"accordion-title plain\" href=\"#accordion-item-qual-\u00e8-la-differenza-tra-i-codici-ean-e-i-codici-qr?\" aria-expanded=\"false\" aria-controls=\"accordion-1033230607-content\">\n\t\t\t<button class=\"toggle\" aria-label=\"Attiva\/Disattiva\"><i class=\"icon-angle-down\" aria-hidden=\"true\"><\/i><\/button>\n\t\t\t<span>Qual \u00e8 la differenza tra i codici EAN e i codici QR?<\/span>\n\t\t<\/a>\n\t\t<div id=\"accordion-1033230607-content\" class=\"accordion-inner\" aria-labelledby=\"accordion-1033230607-label\">\n\t\t\t\n\n<p>I codici EAN sono utilizzati principalmente per identificare i prodotti, mentre i codici QR possono contenere informazioni pi\u00f9 varie, come ad esempio link a siti web.<\/p>\n\n\t\t<\/div>\n\t<\/div>\n\t\n\t<div id=\"accordion-1755628844\" class=\"accordion-item\">\n\t\t<a id=\"accordion-1755628844-label\" class=\"accordion-title plain\" href=\"#accordion-item-i-codici-ean-possono-essere-modificati-o-riutilizzati-per-altri-prodotti?\" aria-expanded=\"false\" aria-controls=\"accordion-1755628844-content\">\n\t\t\t<button class=\"toggle\" aria-label=\"Attiva\/Disattiva\"><i class=\"icon-angle-down\" aria-hidden=\"true\"><\/i><\/button>\n\t\t\t<span>I codici EAN possono essere modificati o riutilizzati per altri prodotti?<\/span>\n\t\t<\/a>\n\t\t<div id=\"accordion-1755628844-content\" class=\"accordion-inner\" aria-labelledby=\"accordion-1755628844-label\">\n\t\t\t\n\n<p>Ogni codice EAN \u00e8 unico e non deve essere riutilizzato per altri prodotti. La modifica di un codice EAN potrebbe creare confusione nella tracciabilit\u00e0.<\/p>\n\n\t\t<\/div>\n\t<\/div>\n\t\n\t<div id=\"accordion-1231313417\" class=\"accordion-item\">\n\t\t<a id=\"accordion-1231313417-label\" class=\"accordion-title plain\" href=\"#accordion-item-i-codici-ean-saranno-sostituiti-da-nuove-tecnologie-in-futuro?\" aria-expanded=\"false\" aria-controls=\"accordion-1231313417-content\">\n\t\t\t<button class=\"toggle\" aria-label=\"Attiva\/Disattiva\"><i class=\"icon-angle-down\" aria-hidden=\"true\"><\/i><\/button>\n\t\t\t<span>I codici EAN saranno sostituiti da nuove tecnologie in futuro?<\/span>\n\t\t<\/a>\n\t\t<div id=\"accordion-1231313417-content\" class=\"accordion-inner\" aria-labelledby=\"accordion-1231313417-label\">\n\t\t\t\n\n<p>Sebbene nuove tecnologie come l&#8217;RFID stiano guadagnando popolarit\u00e0, i codici EAN sono ancora ampiamente utilizzati e dovrebbero continuare a svolgere un ruolo importante nella gestione dei prodotti.<\/p>\n\n\t\t<\/div>\n\t<\/div>\n\t\n\n<\/div>\n\n\t\t<\/div>\n\t\t\t\t\t<\/div>\n\n\t\n\n<\/div>\n\n","protected":false},"excerpt":{"rendered":"","protected":false},"author":1,"featured_media":0,"parent":877,"menu_order":1,"comment_status":"closed","ping_status":"closed","template":"","meta":{"footnotes":""},"class_list":["post-3446","page","type-page","status-publish","hentry"],"_links":{"self":[{"href":"https:\/\/www.ean-express.com\/it\/wp-json\/wp\/v2\/pages\/3446","targetHints":{"allow":["GET"]}}],"collection":[{"href":"https:\/\/www.ean-express.com\/it\/wp-json\/wp\/v2\/pages"}],"about":[{"href":"https:\/\/www.ean-express.com\/it\/wp-json\/wp\/v2\/types\/page"}],"author":[{"embeddable":true,"href":"https:\/\/www.ean-express.com\/it\/wp-json\/wp\/v2\/users\/1"}],"replies":[{"embeddable":true,"href":"https:\/\/www.ean-express.com\/it\/wp-json\/wp\/v2\/comments?post=3446"}],"version-history":[{"count":2,"href":"https:\/\/www.ean-express.com\/it\/wp-json\/wp\/v2\/pages\/3446\/revisions"}],"predecessor-version":[{"id":3450,"href":"https:\/\/www.ean-express.com\/it\/wp-json\/wp\/v2\/pages\/3446\/revisions\/3450"}],"up":[{"embeddable":true,"href":"https:\/\/www.ean-express.com\/it\/wp-json\/wp\/v2\/pages\/877"}],"wp:attachment":[{"href":"https:\/\/www.ean-express.com\/it\/wp-json\/wp\/v2\/media?parent=3446"}],"curies":[{"name":"wp","href":"https:\/\/api.w.org\/{rel}","templated":true}]}}