{"id":848,"date":"2023-06-13T21:46:52","date_gmt":"2023-06-13T19:46:52","guid":{"rendered":"https:\/\/www.ean-express.com\/produit\/codigo-ean-valido-x1\/"},"modified":"2025-11-19T21:42:24","modified_gmt":"2025-11-19T20:42:24","slug":"code-ean-valid-x1","status":"publish","type":"product","link":"https:\/\/www.ean-express.com\/es\/produit\/code-ean-valid-x1\/","title":{"rendered":"Un c\u00f3digo EAN y su c\u00f3digo de barras HD, listos para usar en su primer producto"},"content":{"rendered":"<div class=\"description\">\n<h2>Un identificador EAN profesional para lanzar su producto en pocos minutos<\/h2>\n<ul>\n<li><strong>Calidad profesional:<\/strong> reciba un EAN \u00fanico, sin utilizar, generado a partir de nuestra base de datos interna segura.<\/li>\n<li><strong>C\u00f3digos de barras de alta definici\u00f3n:<\/strong> cada c\u00f3digo se suministra con dos archivos (PNG + SVG), perfectamente legibles para la impresi\u00f3n, el etiquetado o los cat\u00e1logos de productos.<\/li>\n<li><strong>Uso exclusivo:<\/strong> El identificador que se le ha asignado se elimina permanentemente de nuestra base de datos y ya no se redistribuye a otros clientes.<\/li>\n<li><strong>Entrega instant\u00e1nea:<\/strong> Una vez validado su pago, se le enviar\u00e1 autom\u00e1ticamente su EAN y su c\u00f3digo de barras por correo electr\u00f3nico, 24 horas al d\u00eda, 7 d\u00edas a la semana.<\/li>\n<li><strong>Atenci\u00f3n al cliente receptiva:<\/strong> \u00bfTiene alguna pregunta? Nuestro equipo est\u00e1 a su disposici\u00f3n para ayudarle a utilizar sus datos de acceso. <\/li>\n<li><strong>Sin suscripci\u00f3n:<\/strong> S\u00f3lo paga una vez. Sin compromiso, sin costes recurrentes. <\/li>\n<\/ul>\n<div style=\"margin-top: 35px; padding: 20px; background: #f7f7f7; border-left: 4px solid #9c9c9c;\">\n<h3 style=\"margin-top: 0;\">\ud83d\udd0e \u00bfC\u00f3mo se generan nuestros identificadores EAN?<\/h3>\n<p style=\"margin-bottom: 0;\">\n  Cada identificador EAN se genera autom\u00e1ticamente a partir de nuestro sistema interno seguro.<br \/>\n Una vez asignado a un cliente, se elimina inmediatamente de nuestra base de datos y no puede redistribuirse.<br \/>\n Nuestros identificadores cumplen el formato internacional <strong>EAN-13<\/strong> y pueden utilizarse en la mayor\u00eda de las herramientas de comercio electr\u00f3nico<br \/>\n, ERP, cat\u00e1logos de productos y sistemas de gesti\u00f3n interna.\n        <\/p>\n<\/p><\/div>\n<div class=\"summary\" style=\"background:#eef7ea;padding:15px;margin-top:20px;border-left:4px solid #6da75d;\">\n        <strong>Listo en unos minutos:<\/strong> reciba inmediatamente su EAN y su c\u00f3digo de barras de alta definici\u00f3n.<br \/>\n Sencillo, r\u00e1pido y eficaz para lanzar su primer producto.\n    <\/div>\n<\/div>\n","protected":false},"excerpt":{"rendered":"<p><strong><br \/>\nUn identificador EAN \u00fanico, generado autom\u00e1ticamente a partir de nuestra base de datos segura, entregado con su c\u00f3digo de barras de alta definici\u00f3n<br \/>\n<\/strong><\/p>\n<p>\nNuestros identificadores EAN identifican sus productos de forma sencilla y fiable.<br \/>\nCompatible con la mayor\u00eda de plataformas de comercio electr\u00f3nico, software de gesti\u00f3n de productos, cat\u00e1logos internos y sistemas de inventario.\n<\/p>\n<p>\nCada c\u00f3digo se entrega con un archivo de c\u00f3digo de barras de alta definici\u00f3n, listo para imprimir.<\/p>\n","protected":false},"featured_media":3243,"template":"","meta":[],"product_brand":[],"product_cat":[91],"product_tag":[],"class_list":{"0":"post-848","1":"product","2":"type-product","3":"status-publish","4":"has-post-thumbnail","6":"product_cat-codigos-ean-validos","8":"first","9":"instock","10":"virtual","11":"taxable","12":"purchasable","13":"product-type-simple"},"_links":{"self":[{"href":"https:\/\/www.ean-express.com\/es\/wp-json\/wp\/v2\/product\/848","targetHints":{"allow":["GET"]}}],"collection":[{"href":"https:\/\/www.ean-express.com\/es\/wp-json\/wp\/v2\/product"}],"about":[{"href":"https:\/\/www.ean-express.com\/es\/wp-json\/wp\/v2\/types\/product"}],"wp:featuredmedia":[{"embeddable":true,"href":"https:\/\/www.ean-express.com\/es\/wp-json\/wp\/v2\/media\/3243"}],"wp:attachment":[{"href":"https:\/\/www.ean-express.com\/es\/wp-json\/wp\/v2\/media?parent=848"}],"wp:term":[{"taxonomy":"product_brand","embeddable":true,"href":"https:\/\/www.ean-express.com\/es\/wp-json\/wp\/v2\/product_brand?post=848"},{"taxonomy":"product_cat","embeddable":true,"href":"https:\/\/www.ean-express.com\/es\/wp-json\/wp\/v2\/product_cat?post=848"},{"taxonomy":"product_tag","embeddable":true,"href":"https:\/\/www.ean-express.com\/es\/wp-json\/wp\/v2\/product_tag?post=848"}],"curies":[{"name":"wp","href":"https:\/\/api.w.org\/{rel}","templated":true}]}}