{"id":827,"date":"2023-06-19T11:06:50","date_gmt":"2023-06-19T09:06:50","guid":{"rendered":"https:\/\/www.ean-express.com\/produit\/codigo-ean-valido-x10\/"},"modified":"2026-01-19T11:14:27","modified_gmt":"2026-01-19T10:14:27","slug":"codigo-ean-valido-x10","status":"publish","type":"product","link":"https:\/\/www.ean-express.com\/es\/produit\/codigo-ean-valido-x10\/","title":{"rendered":"10 c\u00f3digos EAN y sus c\u00f3digos de barras en alta definici\u00f3n"},"content":{"rendered":"<div class=\"description\">\n<h2>10 identificadores EAN profesionales para lanzar varios productos en pocos minutos<\/h2>\n<ul>\n<li><strong>Calidad profesional:<\/strong> reciba 10 identificadores EAN \u00fanicos y sin utilizar generados a partir de nuestra base de datos interna segura.<\/li>\n<li><strong>C\u00f3digos de barras de alta definici\u00f3n:<\/strong> cada identificador viene con dos archivos de c\u00f3digos de barras (PNG + SVG), perfectamente legibles para impresi\u00f3n, etiquetado o cat\u00e1logos de productos.<\/li>\n<li><strong>Uso exclusivo:<\/strong> Una vez asignados, sus 10 identificadores se eliminan permanentemente de nuestra base de datos y nunca se redistribuir\u00e1n a otros clientes.<\/li>\n<li><strong>Ideal para varias fichas de producto:<\/strong> este paquete le permite identificar hasta 10 productos diferentes o 10 variantes de un mismo art\u00edculo.<\/li>\n<li><strong>Entrega instant\u00e1nea:<\/strong> Una vez validado su pago, sus 10 EAN y sus c\u00f3digos de barras se env\u00edan autom\u00e1ticamente por correo electr\u00f3nico, 24 horas al d\u00eda, 7 d\u00edas a la semana.<\/li>\n<li><strong>Atenci\u00f3n al cliente receptiva:<\/strong> Nuestro equipo est\u00e1 a su disposici\u00f3n para ayudarle a utilizar sus identificadores.<\/li>\n<li><strong>Pago \u00fanico:<\/strong> Sin suscripciones ni cargos ocultos. Usted compra, usted recibe, eso es todo. <\/li>\n<\/ul>\n<div style=\"margin-top: 35px; padding: 20px; background: #f7f7f7; border-left: 4px solid #9c9c9c;\">\n<h3 style=\"margin-top: 0;\">\ud83d\udd0e \u00bfC\u00f3mo se generan nuestros identificadores EAN?<\/h3>\n<p style=\"margin-bottom: 0;\">\n  Cada identificador EAN se genera autom\u00e1ticamente a partir de nuestro sistema interno seguro.<br \/>\n Una vez asignado a un cliente, se elimina permanentemente de nuestra base de datos y ya no puede redistribuirse.<br \/>\n Todos nuestros EAN respetan el formato internacional <strong>EAN-13<\/strong> y son compatibles con la mayor\u00eda<br \/>\n de herramientas de comercio electr\u00f3nico, ERP, cat\u00e1logos de productos y sistemas de gesti\u00f3n interna.\n        <\/p>\n<\/p><\/div>\n<div class=\"summary\" style=\"background:#eef7ea;padding:15px;margin-top:20px;border-left:4px solid #6da75d;\">\n        <strong>Listo en unos minutos:<\/strong> reciba inmediatamente sus 10 identificadores EAN, junto con sus c\u00f3digos de barras de alta definici\u00f3n.<br \/>\n Sencillo, r\u00e1pido y eficaz para el lanzamiento de varios productos o variantes.\n    <\/div>\n<\/div>\n","protected":false},"excerpt":{"rendered":"<p>Value pack de 10 identificadores EAN \u00fanicos con c\u00f3digos de barras HD (PNG + SVG). Bajo precio: s\u00f3lo 1,90 \u20ac por identificador gracias a la compra en grupo. <br data-start=\"1492\" data-end=\"1495\"><strong>Entrega autom\u00e1tica 24 horas al d\u00eda, 7 d\u00edas a la semana, sin necesidad de suscripci\u00f3n.<\/strong><\/p>\n","protected":false},"featured_media":3248,"template":"","meta":[],"product_brand":[],"product_cat":[91],"product_tag":[],"class_list":{"0":"post-827","1":"product","2":"type-product","3":"status-publish","4":"has-post-thumbnail","6":"product_cat-codigos-ean-validos","8":"first","9":"instock","10":"virtual","11":"taxable","12":"purchasable","13":"product-type-simple"},"_links":{"self":[{"href":"https:\/\/www.ean-express.com\/es\/wp-json\/wp\/v2\/product\/827","targetHints":{"allow":["GET"]}}],"collection":[{"href":"https:\/\/www.ean-express.com\/es\/wp-json\/wp\/v2\/product"}],"about":[{"href":"https:\/\/www.ean-express.com\/es\/wp-json\/wp\/v2\/types\/product"}],"wp:featuredmedia":[{"embeddable":true,"href":"https:\/\/www.ean-express.com\/es\/wp-json\/wp\/v2\/media\/3248"}],"wp:attachment":[{"href":"https:\/\/www.ean-express.com\/es\/wp-json\/wp\/v2\/media?parent=827"}],"wp:term":[{"taxonomy":"product_brand","embeddable":true,"href":"https:\/\/www.ean-express.com\/es\/wp-json\/wp\/v2\/product_brand?post=827"},{"taxonomy":"product_cat","embeddable":true,"href":"https:\/\/www.ean-express.com\/es\/wp-json\/wp\/v2\/product_cat?post=827"},{"taxonomy":"product_tag","embeddable":true,"href":"https:\/\/www.ean-express.com\/es\/wp-json\/wp\/v2\/product_tag?post=827"}],"curies":[{"name":"wp","href":"https:\/\/api.w.org\/{rel}","templated":true}]}}