{"id":813,"date":"2023-06-19T11:14:16","date_gmt":"2023-06-19T09:14:16","guid":{"rendered":"https:\/\/www.ean-express.com\/produit\/codigo-ean-valido-x100\/"},"modified":"2025-11-19T21:42:09","modified_gmt":"2025-11-19T20:42:09","slug":"codigo-ean-valido-x100","status":"publish","type":"product","link":"https:\/\/www.ean-express.com\/es\/produit\/codigo-ean-valido-x100\/","title":{"rendered":"100 c\u00f3digos EAN y sus c\u00f3digos de barras en alta definici\u00f3n"},"content":{"rendered":"<div class=\"description\">\n<h2>100 identificadores EAN profesionales para estructurar f\u00e1cilmente un gran cat\u00e1logo de productos<\/h2>\n<ul>\n<li><strong>Calidad profesional:<\/strong> reciba 100 identificadores EAN \u00fanicos, sin utilizar, generados a partir de nuestra base de datos interna segura.<\/li>\n<li><strong>C\u00f3digos de barras de alta definici\u00f3n:<\/strong> cada identificador se suministra con dos archivos de c\u00f3digos de barras (PNG + SVG), listos para imprimir, etiquetar o integrar en sus cat\u00e1logos de productos.<\/li>\n<li><strong>Uso exclusivo:<\/strong> Todos los identificadores asignados se eliminan permanentemente de nuestra base de datos y nunca se redistribuir\u00e1n.<\/li>\n<li><strong>Ideal para grandes vol\u00famenes:<\/strong> Este pack es perfecto para tiendas con un gran n\u00famero de referencias, variantes o un cat\u00e1logo en r\u00e1pida expansi\u00f3n.<\/li>\n<li><strong>Bajo coste:<\/strong> Gracias a la compra en grupo, el coste unitario baja a s\u00f3lo <strong>0,69 euros por identificador<\/strong>, la soluci\u00f3n m\u00e1s rentable para gestionar un gran inventario.<\/li>\n<li><strong>Entrega instant\u00e1nea:<\/strong> en cuanto se haya validado su pago, sus 100 EAN y sus c\u00f3digos de barras se env\u00edan autom\u00e1ticamente por correo electr\u00f3nico, 24 horas al d\u00eda, 7 d\u00edas a la semana.<\/li>\n<li><strong>Atenci\u00f3n al cliente receptiva:<\/strong> Nuestro equipo est\u00e1 a su disposici\u00f3n para ayudarle a utilizar sus datos de acceso.<\/li>\n<li><strong>Pago \u00fanico:<\/strong> Sin suscripci\u00f3n, sin cargos ocultos. Usted compra, usted recibe, es inmediato. <\/li>\n<\/ul>\n<div style=\"margin-top: 35px; padding: 20px; background: #f7f7f7; border-left: 4px solid #9c9c9c;\">\n<h3 style=\"margin-top: 0;\">\ud83d\udd0e \u00bfC\u00f3mo se generan nuestros identificadores EAN?<\/h3>\n<p style=\"margin-bottom: 0;\">\n  Cada identificador EAN se genera autom\u00e1ticamente desde nuestro sistema interno seguro.<br \/>\n  Una vez asignado a un cliente, se elimina permanentemente de nuestra base de datos y ya no puede reutilizarse.<br \/>\n  Todos nuestros identificadores respetan el formato internacional  <strong><\/strong><\/p>\n","protected":false},"excerpt":{"rendered":"<p>Value pack de 100 identificadores EAN \u00fanicos con c\u00f3digos de barras HD (PNG + SVG). Bajo precio: s\u00f3lo 0,69 euros por identificador gracias a la compra en grupo.<br \/>\n<strong>Entrega autom\u00e1tica 24 horas al d\u00eda, 7 d\u00edas a la semana, sin necesidad de suscripci\u00f3n.<\/strong><\/p>\n","protected":false},"featured_media":3258,"template":"","meta":[],"product_brand":[],"product_cat":[91],"product_tag":[],"class_list":{"0":"post-813","1":"product","2":"type-product","3":"status-publish","4":"has-post-thumbnail","6":"product_cat-codigos-ean-validos","8":"first","9":"instock","10":"virtual","11":"taxable","12":"purchasable","13":"product-type-simple"},"_links":{"self":[{"href":"https:\/\/www.ean-express.com\/es\/wp-json\/wp\/v2\/product\/813","targetHints":{"allow":["GET"]}}],"collection":[{"href":"https:\/\/www.ean-express.com\/es\/wp-json\/wp\/v2\/product"}],"about":[{"href":"https:\/\/www.ean-express.com\/es\/wp-json\/wp\/v2\/types\/product"}],"wp:featuredmedia":[{"embeddable":true,"href":"https:\/\/www.ean-express.com\/es\/wp-json\/wp\/v2\/media\/3258"}],"wp:attachment":[{"href":"https:\/\/www.ean-express.com\/es\/wp-json\/wp\/v2\/media?parent=813"}],"wp:term":[{"taxonomy":"product_brand","embeddable":true,"href":"https:\/\/www.ean-express.com\/es\/wp-json\/wp\/v2\/product_brand?post=813"},{"taxonomy":"product_cat","embeddable":true,"href":"https:\/\/www.ean-express.com\/es\/wp-json\/wp\/v2\/product_cat?post=813"},{"taxonomy":"product_tag","embeddable":true,"href":"https:\/\/www.ean-express.com\/es\/wp-json\/wp\/v2\/product_tag?post=813"}],"curies":[{"name":"wp","href":"https:\/\/api.w.org\/{rel}","templated":true}]}}