{"id":799,"date":"2023-06-26T11:15:27","date_gmt":"2023-06-26T09:15:27","guid":{"rendered":"https:\/\/www.ean-express.com\/produit\/codigo-ean-valido-x500\/"},"modified":"2025-11-19T21:42:21","modified_gmt":"2025-11-19T20:42:21","slug":"codigo-ean-valido-x500","status":"publish","type":"product","link":"https:\/\/www.ean-express.com\/es\/produit\/codigo-ean-valido-x500\/","title":{"rendered":"500 c\u00f3digos EAN y sus c\u00f3digos de barras en alta definici\u00f3n"},"content":{"rendered":"<div class=\"description\">\n<h2>500 identificadores EAN profesionales para estructurar un cat\u00e1logo de productos completo<\/h2>\n<ul>\n<li><strong>Calidad profesional:<\/strong> Reciba 500 identificadores EAN \u00fanicos y sin utilizar generados a partir de nuestra base de datos interna segura.<\/li>\n<li><strong>C\u00f3digos de barras de alta definici\u00f3n:<\/strong> cada identificador se suministra con dos archivos de c\u00f3digos de barras (PNG + SVG), ideales para impresi\u00f3n, etiquetas, envases o cat\u00e1logos de productos.<\/li>\n<li><strong>Uso exclusivo:<\/strong> Una vez asignados, sus 500 identificadores se eliminan permanentemente de nuestra base de datos y se garantiza que no se redistribuir\u00e1n.<\/li>\n<li>Ideal <strong>para grandes cat\u00e1logos:<\/strong> Este pack es ideal para tiendas de comercio electr\u00f3nico, marcas, fabricantes o empresas con un gran n\u00famero de referencias y variantes.<\/li>\n<li><strong>Bajo coste:<\/strong> gracias a la compra en grupo, el coste unitario se reduce a unos <strong>0,40 euros por identificador<\/strong>, una soluci\u00f3n especialmente rentable para los cat\u00e1logos grandes.<\/li>\n<li><strong>Entrega instant\u00e1nea:<\/strong> Una vez validado su pago, sus 500 EAN y sus c\u00f3digos de barras se env\u00edan autom\u00e1ticamente por correo electr\u00f3nico, 24 horas al d\u00eda, 7 d\u00edas a la semana.<\/li>\n<li><strong>Atenci\u00f3n al cliente receptiva:<\/strong> Nuestro equipo est\u00e1 a su disposici\u00f3n para orientarle o responder a cualquier pregunta que pueda tener sobre el uso de sus datos de acceso.<\/li>\n<li><strong>Pago \u00fanico:<\/strong> Usted paga una sola vez. Sin suscripci\u00f3n, sin cargos ocultos, sin obligaciones. <\/li>\n<\/ul>\n<div style=\"margin-top: 35px; padding: 20px; background: #f7f7f7; border-left: 4px solid #9c9c9c;\">\n<h3 style=\"margin-top: 0;\">\ud83d\udd0e \u00bfC\u00f3mo se generan nuestros identificadores EAN?<\/h3>\n<p style=\"margin-bottom: 0;\">\n  Cada identificador EAN se genera autom\u00e1ticamente en nuestro sistema interno seguro.<br \/>\n Una vez asignado a un cliente, se elimina permanentemente de nuestra base de datos y nunca se volver\u00e1 a utilizar.<br \/>\n Todos nuestros identificadores respetan el formato internacional <strong>EAN-13<\/strong> y son compatibles con<br \/>\n la mayor\u00eda de herramientas de comercio electr\u00f3nico, ERP, software de gesti\u00f3n y sistemas internos de inventario.\n        <\/p>\n<\/p><\/div>\n<div class=\"summary\" style=\"background:#eef7ea;padding:15px;margin-top:20px;border-left:4px solid #6da75d;\">\n        <strong>Listo en minutos:<\/strong> reciba sus 500 identificadores EAN inmediatamente, junto con sus c\u00f3digos de barras de alta definici\u00f3n.<br \/>\n Perfecto para estructurar un gran inventario sin suscripci\u00f3n.\n    <\/div>\n<\/div>\n","protected":false},"excerpt":{"rendered":"<p>Value pack de 500 identificadores EAN \u00fanicos con c\u00f3digos de barras HD (PNG + SVG). Bajo precio: alrededor de 0,40 \u20ac por identificador gracias a la compra en grupo.<br \/>\n<strong>Entrega autom\u00e1tica 24 horas al d\u00eda, 7 d\u00edas a la semana, sin necesidad de suscripci\u00f3n.<\/strong><\/p>\n","protected":false},"featured_media":3268,"template":"","meta":[],"product_brand":[],"product_cat":[91],"product_tag":[],"class_list":{"0":"post-799","1":"product","2":"type-product","3":"status-publish","4":"has-post-thumbnail","6":"product_cat-codigos-ean-validos","8":"first","9":"instock","10":"virtual","11":"taxable","12":"purchasable","13":"product-type-simple"},"_links":{"self":[{"href":"https:\/\/www.ean-express.com\/es\/wp-json\/wp\/v2\/product\/799","targetHints":{"allow":["GET"]}}],"collection":[{"href":"https:\/\/www.ean-express.com\/es\/wp-json\/wp\/v2\/product"}],"about":[{"href":"https:\/\/www.ean-express.com\/es\/wp-json\/wp\/v2\/types\/product"}],"wp:featuredmedia":[{"embeddable":true,"href":"https:\/\/www.ean-express.com\/es\/wp-json\/wp\/v2\/media\/3268"}],"wp:attachment":[{"href":"https:\/\/www.ean-express.com\/es\/wp-json\/wp\/v2\/media?parent=799"}],"wp:term":[{"taxonomy":"product_brand","embeddable":true,"href":"https:\/\/www.ean-express.com\/es\/wp-json\/wp\/v2\/product_brand?post=799"},{"taxonomy":"product_cat","embeddable":true,"href":"https:\/\/www.ean-express.com\/es\/wp-json\/wp\/v2\/product_cat?post=799"},{"taxonomy":"product_tag","embeddable":true,"href":"https:\/\/www.ean-express.com\/es\/wp-json\/wp\/v2\/product_tag?post=799"}],"curies":[{"name":"wp","href":"https:\/\/api.w.org\/{rel}","templated":true}]}}