{"id":3432,"date":"2023-08-30T22:31:22","date_gmt":"2023-08-30T20:31:22","guid":{"rendered":"https:\/\/www.ean-express.com\/ean-express\/que-es-un-codigo-de-barras-ean-historia-estructura-e-importancia-en-el-comercio-moderno\/"},"modified":"2025-11-19T16:57:09","modified_gmt":"2025-11-19T15:57:09","slug":"que-es-un-codigo-de-barras-ean-historia-estructura-e-importancia-en-el-comercio-moderno","status":"publish","type":"page","link":"https:\/\/www.ean-express.com\/es\/ean-express\/que-es-un-codigo-de-barras-ean-historia-estructura-e-importancia-en-el-comercio-moderno\/","title":{"rendered":"\u00bfQu\u00e9 es un c\u00f3digo de barras EAN? Historia, estructura e importancia en el comercio moderno"},"content":{"rendered":"\n\n\t<section class=\"section\" id=\"section_1623603267\">\n\t\t<div class=\"section-bg fill\" >\n\t\t\t\t\t\t\t\t\t\n\t\t\t\n\n\t\t<\/div>\n\n\t\t\n\n\t\t<div class=\"section-content relative\">\n\t\t\t\n\n<div class=\"container section-title-container\" ><h1 class=\"section-title section-title-normal\"><b aria-hidden=\"true\"><\/b><span class=\"section-title-main\" style=\"color:rgb(255, 255, 255);\">Todo lo que debes saber sobre los c\u00f3digos de barras EAN - Historia, funcionamiento e impacto econ\u00f3mico<\/span><b aria-hidden=\"true\"><\/b><\/h1><\/div>\n\n\t<div id=\"text-1876012375\" class=\"text\">\n\t\t\n\n<p>\u00bfTe has imaginado alguna vez c\u00f3mo se identifican y rastrean con tanta precisi\u00f3n los productos en las tiendas? La clave est\u00e1 en los c\u00f3digos de barras EAN. EAN, que significa <g id=\"gid_0\">N\u00famero de Art\u00edculo Europeo<\/g>, es una norma mundial para el marcado de productos. Pero, \u00bfc\u00f3mo surgi\u00f3 este revolucionario sistema?   <\/p>\n\n\t\t\n<style>\n#text-1876012375 {\n  font-size: 1.25rem;\n  line-height: 1.25;\n  text-align: left;\n  color: rgb(255, 255, 255);\n}\n#text-1876012375 > * {\n  color: rgb(255, 255, 255);\n}\n<\/style>\n\t<\/div>\n\t\n\n\t\t<\/div>\n\n\t\t\n<style>\n#section_1623603267 {\n  padding-top: 30px;\n  padding-bottom: 30px;\n  background-color: rgb(68, 96, 132);\n}\n<\/style>\n\t<\/section>\n\t\n\n\t<section class=\"section\" id=\"section_1800746492\">\n\t\t<div class=\"section-bg fill\" >\n\t\t\t\t\t\t\t\t\t<div class=\"section-bg-overlay absolute fill\"><\/div>\n\t\t\t\n\n\t\t<\/div>\n\n\t\t\n\n\t\t<div class=\"section-content relative\">\n\t\t\t\n\n<div class=\"row row-large align-middle\"  id=\"row-1965770810\">\n\n\n\t<div id=\"col-184108365\" class=\"col hide-for-small medium-3 small-12 large-3\"  >\n\t\t\t\t<div class=\"col-inner\"  >\n\t\t\t\n\t\t\t\n\n\t<div class=\"img has-hover x md-x lg-x y md-y lg-y\" id=\"image_2008709900\">\n\t\t\t\t\t\t\t\t<div class=\"img-inner dark\" >\n\t\t\t<img loading=\"lazy\" decoding=\"async\" width=\"400\" height=\"400\" src=\"https:\/\/www.ean-express.com\/wp-content\/uploads\/2023\/08\/ean-chapter1-400x400.webp\" class=\"attachment-medium size-medium\" alt=\"\" srcset=\"https:\/\/www.ean-express.com\/wp-content\/uploads\/2023\/08\/ean-chapter1-400x400.webp 400w, https:\/\/www.ean-express.com\/wp-content\/uploads\/2023\/08\/ean-chapter1-280x280.webp 280w, https:\/\/www.ean-express.com\/wp-content\/uploads\/2023\/08\/ean-chapter1-247x247.webp 247w, https:\/\/www.ean-express.com\/wp-content\/uploads\/2023\/08\/ean-chapter1-100x100.webp 100w, https:\/\/www.ean-express.com\/wp-content\/uploads\/2023\/08\/ean-chapter1.webp 500w\" sizes=\"auto, (max-width: 400px) 100vw, 400px\" \/>\t\t\t\t\t\t\n\t\t\t\t\t<\/div>\n\t\t\t\t\t\t\t\t\n<style>\n#image_2008709900 {\n  width: 100%;\n}\n<\/style>\n\t<\/div>\n\t\n\n\n\t\t<\/div>\n\t\t\t\t\t<\/div>\n\n\t\n\n\t<div id=\"col-1255541340\" class=\"col medium-9 small-12 large-9\"  >\n\t\t\t\t<div class=\"col-inner text-left\"  >\n\t\t\t\n\t\t\t\n\n<h2>Historia de los c\u00f3digos de barras EAN<\/h2>\n<p>La<a href=\"https:\/\/www.ean-express.com\/es\/ean-express\/que-es-un-codigo-de-barras-ean-historia-estructura-e-importancia-en-el-comercio-moderno\/historia-de-los-codigos-ean-evolucion-de-los-codigos-de-barras-e-impacto-en-la-gestion-de-inventarios\/\"> historia de los c\u00f3digos de barras EAN (European Article Number) <\/a>comenz\u00f3 en la d\u00e9cada de 1970. Dise\u00f1ados para satisfacer las crecientes necesidades del sector minorista, ganaron popularidad r\u00e1pidamente y se convirtieron en una norma internacional. Su introducci\u00f3n marc\u00f3 un punto de inflexi\u00f3n en la forma en que las empresas gestionaban los inventarios y las transacciones.  <\/p>\n<h3>Precursores e innovaci\u00f3n<\/h3>\n<p>Antes de los c\u00f3digos de barras EAN, los sistemas de inventario eran principalmente manuales, lentos y propensos a errores. La introducci\u00f3n de los c\u00f3digos de barras ha permitido automatizar estos procesos, aumentando la eficacia y la precisi\u00f3n. <\/p>\n<h3>Expansi\u00f3n mundial<\/h3>\n<p>El sistema EAN se adopt\u00f3 r\u00e1pidamente en todo el mundo, normalizando los procesos de venta al por menor y gesti\u00f3n de existencias en todo el planeta.<\/p>\n\n\n\t\t<\/div>\n\t\t\t\t\t<\/div>\n\n\t\n\n<\/div>\n\n\t\t<\/div>\n\n\t\t\n<style>\n#section_1800746492 {\n  padding-top: 20px;\n  padding-bottom: 20px;\n}\n#section_1800746492 .section-bg-overlay {\n  background-color: rgba(255, 255, 255, 0.85);\n}\n<\/style>\n\t<\/section>\n\t\n\n\t<section class=\"section\" id=\"section_316729183\">\n\t\t<div class=\"section-bg fill\" >\n\t\t\t\t\t\t\t\t\t<div class=\"section-bg-overlay absolute fill\"><\/div>\n\t\t\t\n\n\t\t<\/div>\n\n\t\t\n\n\t\t<div class=\"section-content relative\">\n\t\t\t\n\n<div class=\"row row-large align-middle\"  id=\"row-2068372090\">\n\n\n\t<div id=\"col-1774751961\" class=\"col medium-9 small-12 large-9\"  >\n\t\t\t\t<div class=\"col-inner text-left\"  >\n\t\t\t\n\t\t\t\n\n<h2>C\u00f3mo funcionan los c\u00f3digos de barras EAN<\/h2>\n<p>Comprender <a href=\"https:\/\/www.ean-express.com\/es\/ean-express\/que-es-un-codigo-de-barras-ean-historia-estructura-e-importancia-en-el-comercio-moderno\/desentranar-la-estructura-de-los-codigos-ean-un-viaje-al-corazon-de-la-identificacion-de-productos\/\">c\u00f3mo funcionan los c\u00f3digos de barras EAN<\/a> es esencial para apreciar su ingenio y utilidad en el comercio moderno.<\/p>\n<h3>Composici\u00f3n de un c\u00f3digo de barras EAN<\/h3>\n<p>Un c\u00f3digo de barras EAN est\u00e1 formado por barras y espacios de diferente anchura que representan n\u00fameros. Estos c\u00f3digos pueden variar en longitud, pero los m\u00e1s comunes son los formatos EAN-13 y EAN-8. <\/p>\n<h3>El proceso de lectura y descodificaci\u00f3n<\/h3>\n<p>Los c\u00f3digos de barras son le\u00eddos por esc\u00e1neres que utilizan la luz para descodificar la informaci\u00f3n que contienen. A continuaci\u00f3n, estos datos se transmiten a sistemas inform\u00e1ticos para su procesamiento. <\/p>\n\n\n\t\t<\/div>\n\t\t\t\t\t<\/div>\n\n\t\n\n\t<div id=\"col-2143713323\" class=\"col hide-for-small medium-3 small-12 large-3\"  >\n\t\t\t\t<div class=\"col-inner\"  >\n\t\t\t\n\t\t\t\n\n\t<div class=\"img has-hover x md-x lg-x y md-y lg-y\" id=\"image_1019660184\">\n\t\t\t\t\t\t\t\t<div class=\"img-inner dark\" >\n\t\t\t<img loading=\"lazy\" decoding=\"async\" width=\"400\" height=\"400\" src=\"https:\/\/www.ean-express.com\/wp-content\/uploads\/2023\/08\/ean-chapitre2-400x400.webp\" class=\"attachment-medium size-medium\" alt=\"\" srcset=\"https:\/\/www.ean-express.com\/wp-content\/uploads\/2023\/08\/ean-chapitre2-400x400.webp 400w, https:\/\/www.ean-express.com\/wp-content\/uploads\/2023\/08\/ean-chapitre2-280x280.webp 280w, https:\/\/www.ean-express.com\/wp-content\/uploads\/2023\/08\/ean-chapitre2-247x247.webp 247w, https:\/\/www.ean-express.com\/wp-content\/uploads\/2023\/08\/ean-chapitre2-100x100.webp 100w, https:\/\/www.ean-express.com\/wp-content\/uploads\/2023\/08\/ean-chapitre2.webp 500w\" sizes=\"auto, (max-width: 400px) 100vw, 400px\" \/>\t\t\t\t\t\t\n\t\t\t\t\t<\/div>\n\t\t\t\t\t\t\t\t\n<style>\n#image_1019660184 {\n  width: 100%;\n}\n<\/style>\n\t<\/div>\n\t\n\n\n\t\t<\/div>\n\t\t\t\t\t<\/div>\n\n\t\n\n<\/div>\n\n\t\t<\/div>\n\n\t\t\n<style>\n#section_316729183 {\n  padding-top: 0px;\n  padding-bottom: 0px;\n}\n#section_316729183 .section-bg-overlay {\n  background-color: rgba(255, 255, 255, 0.85);\n}\n<\/style>\n\t<\/section>\n\t\n\n\t<section class=\"section\" id=\"section_880120578\">\n\t\t<div class=\"section-bg fill\" >\n\t\t\t\t\t\t\t\t\t<div class=\"section-bg-overlay absolute fill\"><\/div>\n\t\t\t\n\n\t\t<\/div>\n\n\t\t\n\n\t\t<div class=\"section-content relative\">\n\t\t\t\n\n<div class=\"row row-large align-middle\"  id=\"row-340505818\">\n\n\n\t<div id=\"col-1832368867\" class=\"col hide-for-small medium-3 small-12 large-3\"  >\n\t\t\t\t<div class=\"col-inner\"  >\n\t\t\t\n\t\t\t\n\n\t<div class=\"img has-hover x md-x lg-x y md-y lg-y\" id=\"image_1507753200\">\n\t\t\t\t\t\t\t\t<div class=\"img-inner dark\" >\n\t\t\t<img loading=\"lazy\" decoding=\"async\" width=\"400\" height=\"400\" src=\"https:\/\/www.ean-express.com\/wp-content\/uploads\/2023\/08\/ean-chapitre3-400x400.webp\" class=\"attachment-medium size-medium\" alt=\"\" srcset=\"https:\/\/www.ean-express.com\/wp-content\/uploads\/2023\/08\/ean-chapitre3-400x400.webp 400w, https:\/\/www.ean-express.com\/wp-content\/uploads\/2023\/08\/ean-chapitre3-280x280.webp 280w, https:\/\/www.ean-express.com\/wp-content\/uploads\/2023\/08\/ean-chapitre3-247x247.webp 247w, https:\/\/www.ean-express.com\/wp-content\/uploads\/2023\/08\/ean-chapitre3-100x100.webp 100w, https:\/\/www.ean-express.com\/wp-content\/uploads\/2023\/08\/ean-chapitre3.webp 500w\" sizes=\"auto, (max-width: 400px) 100vw, 400px\" \/>\t\t\t\t\t\t\n\t\t\t\t\t<\/div>\n\t\t\t\t\t\t\t\t\n<style>\n#image_1507753200 {\n  width: 100%;\n}\n<\/style>\n\t<\/div>\n\t\n\n\n\t\t<\/div>\n\t\t\t\t\t<\/div>\n\n\t\n\n\t<div id=\"col-1173290512\" class=\"col medium-9 small-12 large-9\"  >\n\t\t\t\t<div class=\"col-inner text-left\"  >\n\t\t\t\n\t\t\t\n\n<h2>Impacto econ\u00f3mico de los c\u00f3digos de barras EAN<\/h2>\n<p>El impacto econ\u00f3mico de los c\u00f3digos de barras EAN es considerable, tanto para las empresas como para los consumidores.<\/p>\n<h3>Optimizar la gesti\u00f3n de existencias<\/h3>\n<p>Los c\u00f3digos de barras EAN permiten una gesti\u00f3n m\u00e1s precisa de las existencias, reduciendo los errores y los costes asociados al inventario.<\/p>\n<h3>Mejorar la experiencia de compra<\/h3>\n<p>Para los consumidores, los c\u00f3digos de barras EAN facilitan y agilizan el proceso de pago, mejorando la experiencia de compra.<\/p>\n<h3>Impacto en la econom\u00eda mundial<\/h3>\n<p>Al agilizar las operaciones minoristas, los c\u00f3digos de barras EAN tienen un impacto positivo en la eficiencia econ\u00f3mica general, beneficiando a todos los agentes del mercado.<\/p>\n\n\n\t\t<\/div>\n\t\t\t\t\t<\/div>\n\n\t\n\n<\/div>\n\n\t\t<\/div>\n\n\t\t\n<style>\n#section_880120578 {\n  padding-top: 0px;\n  padding-bottom: 0px;\n}\n#section_880120578 .section-bg-overlay {\n  background-color: rgba(255, 255, 255, 0.85);\n}\n<\/style>\n\t<\/section>\n\t\n\n\t<section class=\"section\" id=\"section_863498166\">\n\t\t<div class=\"section-bg fill\" >\n\t\t\t\t\t\t\t\t\t\n\t\t\t\n\n\t\t<\/div>\n\n\t\t\n\n\t\t<div class=\"section-content relative\">\n\t\t\t\n\n\t<div id=\"text-3234775537\" class=\"text\">\n\t\t\n\n<p>Los c\u00f3digos de barras EAN tienen una rica historia que se remonta a la d\u00e9cada de 1970.<\/p>\n<p>Su ingeniosa estructura permite identificar con precisi\u00f3n los productos, simplificando la gesti\u00f3n de existencias, agilizando las transacciones y garantizando la seguridad de los productos.<\/p>\n<p>En el mundo del comercio moderno, los c\u00f3digos EAN siguen siendo un pilar esencial del que depende el funcionamiento fluido y eficaz de las empresas.<\/p>\n\t\t\n<style>\n#text-3234775537 {\n  font-size: 1.25rem;\n  line-height: 1;\n  text-align: left;\n  color: rgb(249, 249, 249);\n}\n#text-3234775537 > * {\n  color: rgb(249, 249, 249);\n}\n<\/style>\n\t<\/div>\n\t\n<div class=\"row\"  id=\"row-525180520\">\n\n\n\t<div id=\"col-764603557\" class=\"col small-12 large-12\"  >\n\t\t\t\t<div class=\"col-inner text-center\"  >\n\t\t\t\n\t\t\t\n\n<a href=\"\/\" class=\"button secondary is-large\" style=\"padding:10px 20px 10px 20px;\">\n\t\t<span>Haz clic aqu\u00ed para obtener c\u00f3digos EAN en 3 minutos<\/span>\n\t<\/a>\n\n\n\n\t\t<\/div>\n\t\t\t\t\t<\/div>\n\n\t\n\n<\/div>\n\n\t\t<\/div>\n\n\t\t\n<style>\n#section_863498166 {\n  padding-top: 30px;\n  padding-bottom: 30px;\n  background-color: rgb(68, 96, 132);\n}\n<\/style>\n\t<\/section>\n\t\n<div class=\"row\"  id=\"row-1962125744\">\n\n\n\t<div id=\"col-1463311209\" class=\"col small-12 large-12\"  >\n\t\t\t\t<div class=\"col-inner\"  >\n\t\t\t\n\t\t\t\n\n<div class=\"accordion\">\n\n\t<div id=\"accordion-4281268776\" class=\"accordion-item\">\n\t\t<a id=\"accordion-4281268776-label\" class=\"accordion-title plain\" href=\"#accordion-item-\u00bflos-c\u00f3digos-ean-s\u00f3lo-se-utilizan-en-los-comercios?\" aria-expanded=\"false\" aria-controls=\"accordion-4281268776-content\">\n\t\t\t<button class=\"toggle\" aria-label=\"Toggle\"><i class=\"icon-angle-down\" aria-hidden=\"true\"><\/i><\/button>\n\t\t\t<span>\u00bfLos c\u00f3digos EAN s\u00f3lo se utilizan en los comercios?<\/span>\n\t\t<\/a>\n\t\t<div id=\"accordion-4281268776-content\" class=\"accordion-inner\" aria-labelledby=\"accordion-4281268776-label\">\n\t\t\t\n\n<p>No, los c\u00f3digos EAN se utilizan en diversos sectores, como la log\u00edstica, la sanidad y la fabricaci\u00f3n, para rastrear e identificar productos.<\/p>\n\n\t\t<\/div>\n\t<\/div>\n\t\n\t<div id=\"accordion-2692537703\" class=\"accordion-item\">\n\t\t<a id=\"accordion-2692537703-label\" class=\"accordion-title plain\" href=\"#accordion-item-\u00bfc\u00f3mo-se-asignan-los-c\u00f3digos-ean-a-los-productos?\" aria-expanded=\"false\" aria-controls=\"accordion-2692537703-content\">\n\t\t\t<button class=\"toggle\" aria-label=\"Toggle\"><i class=\"icon-angle-down\" aria-hidden=\"true\"><\/i><\/button>\n\t\t\t<span>\u00bfC\u00f3mo se asignan los c\u00f3digos EAN a los productos?<\/span>\n\t\t<\/a>\n\t\t<div id=\"accordion-2692537703-content\" class=\"accordion-inner\" aria-labelledby=\"accordion-2692537703-label\">\n\t\t\t\n\n<p>Los c\u00f3digos EAN son asignados por organismos de registro espec\u00edficos de cada pa\u00eds, en colaboraci\u00f3n con los fabricantes.<\/p>\n\n\t\t<\/div>\n\t<\/div>\n\t\n\t<div id=\"accordion-1557164941\" class=\"accordion-item\">\n\t\t<a id=\"accordion-1557164941-label\" class=\"accordion-title plain\" href=\"#accordion-item-\u00bfcu\u00e1l-es-la-diferencia-entre-los-c\u00f3digos-ean-y-los-c\u00f3digos-qr?\" aria-expanded=\"false\" aria-controls=\"accordion-1557164941-content\">\n\t\t\t<button class=\"toggle\" aria-label=\"Toggle\"><i class=\"icon-angle-down\" aria-hidden=\"true\"><\/i><\/button>\n\t\t\t<span>\u00bfCu\u00e1l es la diferencia entre los c\u00f3digos EAN y los c\u00f3digos QR?<\/span>\n\t\t<\/a>\n\t\t<div id=\"accordion-1557164941-content\" class=\"accordion-inner\" aria-labelledby=\"accordion-1557164941-label\">\n\t\t\t\n\n<p>Los c\u00f3digos EAN se utilizan principalmente para identificar productos, mientras que los c\u00f3digos QR pueden contener informaci\u00f3n m\u00e1s variada, como enlaces a sitios web.<\/p>\n\n\t\t<\/div>\n\t<\/div>\n\t\n\t<div id=\"accordion-4094776935\" class=\"accordion-item\">\n\t\t<a id=\"accordion-4094776935-label\" class=\"accordion-title plain\" href=\"#accordion-item-\u00bfse-pueden-modificar-o-reutilizar-los-c\u00f3digos-ean-para-otros-productos?\" aria-expanded=\"false\" aria-controls=\"accordion-4094776935-content\">\n\t\t\t<button class=\"toggle\" aria-label=\"Toggle\"><i class=\"icon-angle-down\" aria-hidden=\"true\"><\/i><\/button>\n\t\t\t<span>\u00bfSe pueden modificar o reutilizar los c\u00f3digos EAN para otros productos?<\/span>\n\t\t<\/a>\n\t\t<div id=\"accordion-4094776935-content\" class=\"accordion-inner\" aria-labelledby=\"accordion-4094776935-label\">\n\t\t\t\n\n<p>Cada c\u00f3digo EAN es \u00fanico y no debe reutilizarse para otros productos. Cambiar un c\u00f3digo EAN podr\u00eda dar lugar a confusiones en la trazabilidad. <\/p>\n\n\t\t<\/div>\n\t<\/div>\n\t\n\t<div id=\"accordion-4181786270\" class=\"accordion-item\">\n\t\t<a id=\"accordion-4181786270-label\" class=\"accordion-title plain\" href=\"#accordion-item-\u00bfser\u00e1n-sustituidos-los-c\u00f3digos-ean-por-nuevas-tecnolog\u00edas-en-el-futuro?\" aria-expanded=\"false\" aria-controls=\"accordion-4181786270-content\">\n\t\t\t<button class=\"toggle\" aria-label=\"Toggle\"><i class=\"icon-angle-down\" aria-hidden=\"true\"><\/i><\/button>\n\t\t\t<span>\u00bfSer\u00e1n sustituidos los c\u00f3digos EAN por nuevas tecnolog\u00edas en el futuro?<\/span>\n\t\t<\/a>\n\t\t<div id=\"accordion-4181786270-content\" class=\"accordion-inner\" aria-labelledby=\"accordion-4181786270-label\">\n\t\t\t\n\n<p>Aunque nuevas tecnolog\u00edas como la RFID est\u00e1n ganando popularidad, los c\u00f3digos EAN siguen utiliz\u00e1ndose ampliamente y deber\u00edan seguir desempe\u00f1ando un papel importante en la gesti\u00f3n de productos.<\/p>\n\n\t\t<\/div>\n\t<\/div>\n\t\n\n<\/div>\n\n\t\t<\/div>\n\t\t\t\t\t<\/div>\n\n\t\n\n<\/div>\n\n","protected":false},"excerpt":{"rendered":"","protected":false},"author":1,"featured_media":0,"parent":884,"menu_order":1,"comment_status":"closed","ping_status":"closed","template":"","meta":{"footnotes":""},"class_list":["post-3432","page","type-page","status-publish","hentry"],"_links":{"self":[{"href":"https:\/\/www.ean-express.com\/es\/wp-json\/wp\/v2\/pages\/3432","targetHints":{"allow":["GET"]}}],"collection":[{"href":"https:\/\/www.ean-express.com\/es\/wp-json\/wp\/v2\/pages"}],"about":[{"href":"https:\/\/www.ean-express.com\/es\/wp-json\/wp\/v2\/types\/page"}],"author":[{"embeddable":true,"href":"https:\/\/www.ean-express.com\/es\/wp-json\/wp\/v2\/users\/1"}],"replies":[{"embeddable":true,"href":"https:\/\/www.ean-express.com\/es\/wp-json\/wp\/v2\/comments?post=3432"}],"version-history":[{"count":2,"href":"https:\/\/www.ean-express.com\/es\/wp-json\/wp\/v2\/pages\/3432\/revisions"}],"predecessor-version":[{"id":3434,"href":"https:\/\/www.ean-express.com\/es\/wp-json\/wp\/v2\/pages\/3432\/revisions\/3434"}],"up":[{"embeddable":true,"href":"https:\/\/www.ean-express.com\/es\/wp-json\/wp\/v2\/pages\/884"}],"wp:attachment":[{"href":"https:\/\/www.ean-express.com\/es\/wp-json\/wp\/v2\/media?parent=3432"}],"curies":[{"name":"wp","href":"https:\/\/api.w.org\/{rel}","templated":true}]}}