{"id":1189,"date":"2023-08-09T13:47:35","date_gmt":"2023-08-09T11:47:35","guid":{"rendered":"https:\/\/www.ean-express.com\/gratis-generador-de-codigos-de-barras-ean-y-gtin\/"},"modified":"2025-11-19T16:57:14","modified_gmt":"2025-11-19T15:57:14","slug":"gratis-generador-de-codigos-de-barras-ean-y-gtin","status":"publish","type":"page","link":"https:\/\/www.ean-express.com\/es\/gratis-generador-de-codigos-de-barras-ean-y-gtin\/","title":{"rendered":"Gratis : Generador de c\u00f3digos de barras EAN y GTIN"},"content":{"rendered":"\n\n  <div class=\"banner has-hover\" id=\"banner-1660006162\">\n          <div class=\"banner-inner fill\">\n        <div class=\"banner-bg fill\" >\n            <img loading=\"lazy\" decoding=\"async\" width=\"800\" height=\"800\" src=\"https:\/\/www.ean-express.com\/wp-content\/uploads\/2023\/06\/role-ean-800x800.webp\" class=\"bg attachment-large size-large\" alt=\"\" \/>                                    \n                    <\/div>\n\t\t\n        <div class=\"banner-layers container\">\n            <div class=\"fill banner-link\"><\/div>            \n\n   <div id=\"text-box-1392532332\" class=\"text-box banner-layer x50 md-x50 lg-x50 y50 md-y50 lg-y50 res-text\">\n                                <div class=\"text-box-content text dark\">\n              \n              <div class=\"text-inner text-center\">\n                  \n\n\t<div id=\"text-2253014790\" class=\"text\">\n\t\t\n\n<h3 class=\"uppercase\"><strong>Generador gratuito de c\u00f3digos de barras EAN-Express<\/strong><\/h3>\n<p>Genere sus c\u00f3digos de barras EAN y GTIN en l\u00ednea.<\/p>\n\t\t\n<style>\n#text-2253014790 {\n  color: rgb(91, 91, 91);\n}\n#text-2253014790 > * {\n  color: rgb(91, 91, 91);\n}\n<\/style>\n\t<\/div>\n\t\n\n              <\/div>\n           <\/div>\n                            \n<style>\n#text-box-1392532332 .text-box-content {\n  background-color: rgba(255, 255, 255, 0.94);\n  font-size: 100%;\n  transform: rotate(9deg);\n}\n#text-box-1392532332 {\n  width: 60%;\n}\n<\/style>\n    <\/div>\n \n\n        <\/div>\n      <\/div>\n\n            \n<style>\n#banner-1660006162 {\n  padding-top: 300px;\n}\n<\/style>\n  <\/div>\n\n\n<div class=\"row\"  id=\"row-703656892\">\n\n\n\t<div id=\"col-181636837\" class=\"col medium-4 small-12 large-4\"  >\n\t\t\t\t<div class=\"col-inner\"  >\n\t\t\t\n\t\t\t\n\n<div class=\"message-box relative\" style=\"padding-top:41px;padding-bottom:41px;\"><div class=\"message-box-bg-image bg-fill fill\" ><\/div><div class=\"message-box-bg-overlay bg-fill fill\" style=\"background-color:rgb(68, 96, 132);\"><\/div><div class=\"container relative\"><div class=\"inner last-reset\">\n\n\t<div id=\"text-4232195025\" class=\"text\">\n\t\t\n\n<p class=\"transparent-bg\">Aproveche nuestro generador de c\u00f3digos de barras gratuito y transforme r\u00e1pidamente sus c\u00f3digos EAN en im\u00e1genes legibles de alta definici\u00f3n.<\/p>\n\t\t\n<style>\n#text-4232195025 {\n  text-align: right;\n  color: rgb(255, 255, 255);\n}\n#text-4232195025 > * {\n  color: rgb(255, 255, 255);\n}\n<\/style>\n\t<\/div>\n\t\n\n<\/div><\/div><\/div>\n\n\t\t<\/div>\n\t\t\t\t\t<\/div>\n\n\t\n\n\t<div id=\"col-973392482\" class=\"col medium-8 small-12 large-8\"  >\n\t\t\t\t<div class=\"col-inner\"  >\n\t\t\t\n\t\t\t\n\n\n\n<p>Introduzca sus c\u00f3digos EAN separados por comas en el siguiente formulario para generar sus c\u00f3digos de barras de alta definici\u00f3n.\n<\/p>\n<p>Proporcione un c\u00f3digo EAN para cada tipo de producto (por ejemplo, colores): Por ejemplo, una camiseta negra y una camiseta azul deben tener un c\u00f3digo EAN distinto, aunque se basen en el mismo modelo.<\/p>\n\n<p>Si no tiene ninguno, puede pedir paquetes de c\u00f3digos EAN v\u00e1lidos directamente en esta p\u00e1gina: <a href=\"https:\/\/www.ean-express.com\/shop\/\">https:\/\/www.ean-express.com<\/a><\/p>\n\n<p>EAN-Express hace que la conversi\u00f3n sea sencilla y segura y garantiza la validez de sus c\u00f3digos EAN\/GTIN.<\/p>\n\n\n\t\t<\/div>\n\t\t\t\t\t<\/div>\n\n\t\n\n<\/div>\n\t<div id=\"text-472126301\" class=\"text\">\n\t\t\n\n\n\t\t\n<style>\n#text-472126301 {\n  text-align: left;\n}\n<\/style>\n\t<\/div>\n\t\n\n  <div class=\"banner has-hover\" id=\"banner-1328883365\">\n          <div class=\"banner-inner fill\">\n        <div class=\"banner-bg fill\" >\n            <img loading=\"lazy\" decoding=\"async\" width=\"1020\" height=\"573\" src=\"https:\/\/www.ean-express.com\/wp-content\/uploads\/2023\/06\/ean-express-generation-code-barre-1-1400x787.webp\" class=\"bg attachment-large size-large\" alt=\"Ean-express.com Generador instant\u00e1neo de c\u00f3digos GTIN\" \/>                        <div class=\"overlay\"><\/div>            \n                    <\/div>\n\t\t\n        <div class=\"banner-layers container\">\n            <div class=\"fill banner-link\"><\/div>            \n\n   <div id=\"text-box-1622281221\" class=\"text-box banner-layer x5 md-x5 lg-x5 y50 md-y50 lg-y50 res-text\">\n                                <div class=\"text-box-content text box-shadow-3\">\n              \n              <div class=\"text-inner text-left\">\n                  \n\n\t<div id=\"text-2203805273\" class=\"text\">\n\t\t\n\n<h3 class=\"uppercase\">Proveedor oficial de c\u00f3digos de barras ean.<\/h3>\n<p class=\"thin-font lead\">Obtenga <strong>c\u00f3digos EAN \u00fanicos: <\/strong>  <\/p>\n<p class=\"thin-font lead\">\u2714\ufe0fMeilleurs tarifas<br>\u2714\ufe0fLivraison instant\u00e1neas<br>\u2714\ufe0fCodes Barra incluida con cada c\u00f3digo EAN<br>\u2714\ufe0fEAN compatible con Google Merchant Center, Amazon, Ebay, Mirakl &amp; gestores de flujos<br>\u2714\ufe0fCodes EAN aceptado en todas partes, en Francia e internacionalmente<\/p>\n\t\t\n<style>\n#text-2203805273 {\n  font-size: 0.85rem;\n}\n<\/style>\n\t<\/div>\n\t\n<a href=\"\/shop\/\" class=\"button success is-bevel is-large\" >\n\t\t<span>C\u00d3DIGOS DE PEDIDO<\/span>\n\t<\/a>\n\n\n\n              <\/div>\n           <\/div>\n                            \n<style>\n#text-box-1622281221 .text-box-content {\n  background-color: rgb(255, 255, 255);\n  font-size: 100%;\n}\n#text-box-1622281221 .text-inner {\n  padding: 30px 30px 30px 30px;\n}\n#text-box-1622281221 {\n  width: 60%;\n}\n@media (min-width:550px) {\n  #text-box-1622281221 {\n    width: 40%;\n  }\n}\n<\/style>\n    <\/div>\n \n\n        <\/div>\n      <\/div>\n\n            \n<style>\n#banner-1328883365 {\n  padding-top: 637px;\n  background-color: rgb(255, 255, 255);\n}\n#banner-1328883365 .overlay {\n  background-color: rgba(190, 190, 190, 0.2);\n}\n<\/style>\n  <\/div>\n\n\n\n","protected":false},"excerpt":{"rendered":"","protected":false},"author":1,"featured_media":0,"parent":0,"menu_order":0,"comment_status":"closed","ping_status":"closed","template":"page-blank.php","meta":{"footnotes":""},"class_list":["post-1189","page","type-page","status-publish","hentry"],"_links":{"self":[{"href":"https:\/\/www.ean-express.com\/es\/wp-json\/wp\/v2\/pages\/1189","targetHints":{"allow":["GET"]}}],"collection":[{"href":"https:\/\/www.ean-express.com\/es\/wp-json\/wp\/v2\/pages"}],"about":[{"href":"https:\/\/www.ean-express.com\/es\/wp-json\/wp\/v2\/types\/page"}],"author":[{"embeddable":true,"href":"https:\/\/www.ean-express.com\/es\/wp-json\/wp\/v2\/users\/1"}],"replies":[{"embeddable":true,"href":"https:\/\/www.ean-express.com\/es\/wp-json\/wp\/v2\/comments?post=1189"}],"version-history":[{"count":36,"href":"https:\/\/www.ean-express.com\/es\/wp-json\/wp\/v2\/pages\/1189\/revisions"}],"predecessor-version":[{"id":3449,"href":"https:\/\/www.ean-express.com\/es\/wp-json\/wp\/v2\/pages\/1189\/revisions\/3449"}],"wp:attachment":[{"href":"https:\/\/www.ean-express.com\/es\/wp-json\/wp\/v2\/media?parent=1189"}],"curies":[{"name":"wp","href":"https:\/\/api.w.org\/{rel}","templated":true}]}}